{"id":94,"date":"2016-11-21T13:55:55","date_gmt":"2016-11-21T09:55:55","guid":{"rendered":"http:\/\/labienfaisance.re\/?page_id=94"},"modified":"2016-11-21T13:55:55","modified_gmt":"2016-11-21T09:55:55","slug":"la-dignite-humaine","status":"publish","type":"page","link":"https:\/\/labienfaisance.re\/?page_id=94","title":{"rendered":"La dignit\u00e9 humaine"},"content":{"rendered":"<h2 class=\"PostHeaderIcon-wrapper\"><span class=\"PostHeader\"><a title=\"Lien permanent vers Que faire pour assurer la dignit\u00e9 de l\u2019homme en fin de vie ?\" href=\"http:\/\/www.franc-maconnerie-godf-cannes.org\/la-loge-au-travail\/les-travaux\/que-faire-pour-assurer-la-dignite-de-lhomme-en-fin-de-vie\/\" rel=\"bookmark\">Que faire pour assurer la dignit\u00e9 de l\u2019homme en fin de vie ?<\/a><\/span><\/h2>\n<div class=\"PostContent\">\n<p><strong>En pr\u00e9ambule la commission et l\u2019atelier ont fait le choix de ne pas aborder le probl\u00e8me de l\u2019euthanasie qui justifie une autre d\u00e9marche \u00e0 lui seul.<\/strong><\/p>\n<p><strong>Nous avons donc opt\u00e9 pour une r\u00e9flexion autour des jours, semaines, mois et voire ann\u00e9es qui font partie de ce que l\u2019on appelle la fin de vie.<\/strong><\/p>\n<p><strong>La dignit\u00e9 humaine c\u2019est la valeur propre \u00e0 chaque individu qui doit \u00eatre consid\u00e9r\u00e9 et respect\u00e9 physiquement et moralement tout au long de sa vie. Est-ce le cas aujourd\u2019hui ?<br \/>\nHistoriquement les personnes \u00e2g\u00e9es restaient, le plus souvent, int\u00e9gr\u00e9es et d\u00e9pendantes de leur milieu familial, soit sous le m\u00eame toit ou dans un environnement g\u00e9ographique proche avec des contacts facilit\u00e9s par cette proximit\u00e9. Aujourd\u2019hui par l\u2019\u00e9volution des familles, \u00e9clat\u00e9es, \u00e9loign\u00e9es, vivant dans des habitations inadapt\u00e9es \u00e0 la cohabitation de plusieurs g\u00e9n\u00e9rations et avec les exigences de confort de la population, ces conditions n\u2019existent pratiquement plus jamais, hormis, peut-\u00eatre parfois, dans le monde rural, mais il se r\u00e9tr\u00e9cie comme peau de chagrin !<br \/>\nDans le contexte culturel o\u00f9 nous vivons , les personnes \u00e2g\u00e9es, pourtant de plus en plus nombreuses semblent \u00eatre mises dans une case \u00e0 part d\u00e8s lors qu\u2019elles deviennent d\u00e9pendantes, tant physiquement que moralement et les deux sont in\u00e9vitablement li\u00e9s.<\/strong><\/p>\n<p><strong>Que reste-t-il alors pour accueillir et h\u00e9berger les personnes \u00e2g\u00e9es et, ou en fin de vie ?<br \/>\nLeur prise en charge sera de plus en plus longue. L\u2019esp\u00e9rance de vie augmente chaque ann\u00e9e de trois mois par an !<br \/>\nAlors que reste-t-il si les familles ne peuvent ou ne veulent assumer cette charge ? Les culpabiliser ne sert \u00e0 rien : la soci\u00e9t\u00e9 a chang\u00e9 !<br \/>\nD\u2019abord les personnes en fin de vie souhaitent-elles cette prise en charge familiale ? Le plus souvent non. Elles veulent ne pas \u00ab emb\u00eater \u00bb leurs proches.<br \/>\nDonc que reste-t-il ? Des structures adapt\u00e9es, publiques ou priv\u00e9es. Ces structures ont forc\u00e9ment un co\u00fbt plus ou moins \u00e9lev\u00e9, selon qu\u2019elles seront priv\u00e9es ou publiques<br \/>\nMais la question doit se poser : qui a les moyens de r\u00e9pondre financi\u00e8rement aux besoins de ces personnes en fin de vie. M\u00eame si elles ont travaill\u00e9, \u00e9conomis\u00e9, combien pourront r\u00e9pondre au co\u00fbt de ces maisons sp\u00e9cialis\u00e9es.<br \/>\nCes structures publiques ou priv\u00e9es sont notoirement insuffisantes. Les femmes sont plus concern\u00e9es par ces difficult\u00e9s mat\u00e9rielles en raison des montants des retraites de reversions qui sont manifestement insuffisantes. La volont\u00e9 du gouvernement d\u2019augmenter les plus petites retraites de reversions, si elle va dans le bon sens, ne suffira pas.<\/strong><\/p>\n<p><strong>L\u00e0, nous n\u2019avons abord\u00e9 que le probl\u00e8me mat\u00e9riel, mais le maintien de la dignit\u00e9, qui est li\u00e9 \u00e0 la d\u00e9cence de la prise en charge morale, affective, est de toutes les fa\u00e7ons intimement li\u00e9 aux moyens dont disposent les diff\u00e9rentes structures. En effet chacun souhaite que l\u2019environnement de ces \u00eatres affaiblis par la maladie, l\u2019\u00e2ge, l\u2019isolement familial, se fasse dans les meilleures conditions. Pour cela l\u2019on en revient \u00e0 l\u2019argent qui est le nerf de la guerre. Comment \u00e9viter qu\u2019une personne d\u00e9pendante, en fin de vie, soit brusqu\u00e9e, maltrait\u00e9e.<br \/>\nIl faudra mettre du personnel en nombre suffisant pour que, devant la difficult\u00e9 de ce travail, les personnels qui l\u2019assument soient form\u00e9s, disponibles, \u00e0 l\u2019\u00e9coute.<\/strong><\/p>\n<p><strong>C\u2019est donc une volont\u00e9 politique qui est n\u00e9cessaire face \u00e0 ce maintien de la dignit\u00e9 en fin de vie. Ces m\u00eames politiques qui pr\u00f4nent la cr\u00e9ation d\u2019emploi de services \u00e0 la personne, mettent-ils en place les moyens de leurs d\u00e9clarations ?<\/strong><\/p>\n<p><strong>Comment mettre en ad\u00e9quation ces d\u00e9clarations avec les d\u00e9cisions \u00e0 prendre ?<br \/>\nLe premier \u00e9l\u00e9ment incontournable sera une mise \u00e0 disposition de fonds importants qui permettront de r\u00e9aliser les infrastructures n\u00e9cessaires (constructions de lieux adapt\u00e9s, formation des personnels en assez grand nombre, avec des salaires d\u00e9cents) \u00e0 la prise en compte des besoins d\u2019une soci\u00e9t\u00e9 de plus en plus confront\u00e9e \u00e0 l\u2019allongement de cette fin de vie, de plus en plus longue du simple fait d\u2019une meilleure prise en charge de tous les \u00e9v\u00e9nements de la maladie chez ces sujets \u00e2g\u00e9s.<br \/>\nA partir de l\u00e0 et seulement \u00e0 ce moment l\u00e0, il deviendra \u00e9vident que la fin de vie restera digne, ou au moins acceptable.<br \/>\nFaut-il r\u00e9mun\u00e9rer les membres de la famille qui pourraient prendre en charge la personne en fin de vie ? Comment ? En lui permettant de travailler moins longtemps dans son emploi et en compensant le manque \u00e0 gagner ! Actuellement on s\u2019\u00e9loigne d\u2019une telle proposition, m\u00eame si dans son dernier projet dans le cadre de la loi dite \u00ab LEONETTI \u00bb, il est propos\u00e9 de donner un cong\u00e9 de 15 jours (c\u2019est court !), \u00e0 un membre de la famille, cong\u00e9 qui devra \u00eatre r\u00e9gl\u00e9 par l\u2019employeur plut\u00f4t que par la s\u00e9curit\u00e9 sociale. Les responsables de l\u2019ADMD (Droit \u00e0 Mourir dans la Dignit\u00e9) pensent que c\u2019est la meilleure fa\u00e7on pour que ce dispositif ne soit jamais appliqu\u00e9 ! Malheureusement la fin de vie ne se fait pas par un calcul math\u00e9matique. !<br \/>\nDoit-on faire des campagnes de sensibilisation dans les m\u00e9dias pour attirer l\u2019attention de tous et de chacun sur ce probl\u00e8me majeur de soci\u00e9t\u00e9 et rappeler le principe g\u00e9n\u00e9rationnel de solidarit\u00e9? Peut-\u00eatre !<\/strong><\/p>\n<p><strong>La solution n\u2019est pas simple bien s\u00fbr, mais elle passe in\u00e9vitablement et avant tout par la volont\u00e9 politique de mettre les moyens mat\u00e9riels pour faire dispara\u00eetre, ou au moins r\u00e9duire, ces in\u00e9galit\u00e9s devant la fin de vie. Ce sera long, si toutes fois l\u2019on y parvient !!!<br \/>\nL\u2019on remettra alors peut-\u00eatre de la joie dans ce moment de la vie auquel chacun de nous sera un jour confront\u00e9 !<\/strong><\/p>\n<p><strong>Cannes, le 3 mars 2009 le rapporteur Ph. G<\/strong><\/p>\n<\/div>\n","protected":false},"excerpt":{"rendered":"<p>Que faire pour assurer la dignit\u00e9 de l\u2019homme en fin de vie ? En pr\u00e9ambule la commission et l\u2019atelier ont fait le choix de ne pas aborder le probl\u00e8me de l\u2019euthanasie qui justifie une autre d\u00e9marche \u00e0 lui seul. Nous avons donc opt\u00e9 pour une r\u00e9flexion autour des jours, semaines, mois et voire ann\u00e9es qui <a href=\"https:\/\/labienfaisance.re\/?page_id=94\" rel=\"nofollow\"><span class=\"sr-only\">En savoir plus surLa dignit\u00e9 humaine<\/span>[&#8230;]<\/a><\/p>\n","protected":false},"author":4,"featured_media":0,"parent":0,"menu_order":0,"comment_status":"closed","ping_status":"closed","template":"template-fullwidth.php","meta":{"footnotes":""},"class_list":["post-94","page","type-page","status-publish","hentry"],"_links":{"self":[{"href":"https:\/\/labienfaisance.re\/index.php?rest_route=\/wp\/v2\/pages\/94","targetHints":{"allow":["GET"]}}],"collection":[{"href":"https:\/\/labienfaisance.re\/index.php?rest_route=\/wp\/v2\/pages"}],"about":[{"href":"https:\/\/labienfaisance.re\/index.php?rest_route=\/wp\/v2\/types\/page"}],"author":[{"embeddable":true,"href":"https:\/\/labienfaisance.re\/index.php?rest_route=\/wp\/v2\/users\/4"}],"replies":[{"embeddable":true,"href":"https:\/\/labienfaisance.re\/index.php?rest_route=%2Fwp%2Fv2%2Fcomments&post=94"}],"version-history":[{"count":1,"href":"https:\/\/labienfaisance.re\/index.php?rest_route=\/wp\/v2\/pages\/94\/revisions"}],"predecessor-version":[{"id":95,"href":"https:\/\/labienfaisance.re\/index.php?rest_route=\/wp\/v2\/pages\/94\/revisions\/95"}],"wp:attachment":[{"href":"https:\/\/labienfaisance.re\/index.php?rest_route=%2Fwp%2Fv2%2Fmedia&parent=94"}],"curies":[{"name":"wp","href":"https:\/\/api.w.org\/{rel}","templated":true}]}}