{"id":86,"date":"2016-11-19T17:05:26","date_gmt":"2016-11-19T13:05:26","guid":{"rendered":"http:\/\/labienfaisance.re\/?page_id=86"},"modified":"2016-11-19T17:09:01","modified_gmt":"2016-11-19T13:09:01","slug":"86-2","status":"publish","type":"page","link":"https:\/\/labienfaisance.re\/?page_id=86","title":{"rendered":"L&rsquo;environnement"},"content":{"rendered":"<p>L&rsquo;environnement<\/p>\n<p><img loading=\"lazy\" decoding=\"async\" class=\"alignnone size-medium wp-image-87\" src=\"https:\/\/labienfaisance.re\/wp-content\/uploads\/2016\/11\/enviro-300x241.jpg\" alt=\"enviro\" width=\"300\" height=\"241\" srcset=\"https:\/\/labienfaisance.re\/wp-content\/uploads\/2016\/11\/enviro-300x241.jpg 300w, https:\/\/labienfaisance.re\/wp-content\/uploads\/2016\/11\/enviro.jpg 513w\" sizes=\"auto, (max-width: 300px) 100vw, 300px\" \/><\/p>\n<p>La Commission Nationale de R\u00e9flexion sur le D\u00e9veloppement Durable du Grand Orient de France(CNRDD) a d\u00e9velopp\u00e9 cette ann\u00e9e une r\u00e9flexion sur la notion de progr\u00e8s.<br \/>\nElle entend \u00e9tablir les principes fondateurs d\u2019une sagesse humaine qui respecterait mieux la nature et que l\u2019on pourrait baptiser \u201c\u00e9cosophie\u201d,<br \/>\nparce qu\u2019elle serait pour l\u2019homme une fa\u00e7on plus sage d\u2019habiter la maison commune qu\u2019est la plan\u00e8te terre.<\/p>\n<p>La pr\u00e9servation de l\u2019humanit\u00e9, de la dignit\u00e9 de cette humanit\u00e9, est la question principale du d\u00e9veloppement durable.<br \/>\nLa Commission a d\u00e9fendu l\u2019id\u00e9e d\u2019un d\u00e9veloppement humain durable qui serait compatible avec la pr\u00e9servation de la biosph\u00e8re. Quand il y a<br \/>\nincertitude scientifique et technique, notre mesure la plus philosophique et la plus humaniste n\u2019estelle pas le respect et l\u2019application du principe<br \/>\nde pr\u00e9caution ? La Commission se range d\u2019ailleurs derri\u00e8re la r\u00e8gle du principe de pr\u00e9caution tel qu\u2019il est inscrit dans la loi.<\/p>\n<p>Dans cette perspective, la CNRDD a particip\u00e9 \u00e0 l\u2019Assembl\u00e9e nationale, au groupe de travail des parlementaires qui pr\u00e9parent une proposition de loi sur le<br \/>\ndroit \u00e0 l\u2019eau dans notre pays.En outre, le Commission a examin\u00e9 aussi bien les graves r\u00e9percussions sur la sant\u00e9 et sur l\u2019environnement des accidents<br \/>\ndu nucl\u00e9aire civil que celles li\u00e9es \u00e0 l\u2019usage abusif des polluants industriels et m\u00e9nagers dont les herbicides et les insecticides. Elle recommande vivement<br \/>\nau l\u00e9gislateur de suivre les recommandations sur ces points telles qu\u2019on les trouve dans le rapport publi\u00e9 par l\u2019Office parlementaire d\u2019\u00e9valuation des choix<br \/>\nscientifiques et technologiques qui lui a \u00e9t\u00e9 pr\u00e9sent\u00e9. Vers la transition energ\u00e9tique Par ailleurs, prenant en compte les constats concernant les d\u00e9r\u00e8glements<br \/>\nclimatiques \u00e9tay\u00e9s par les rapports du GIEC, la Commission propose d\u2019avancer r\u00e9solument vers une transition \u00e9nerg\u00e9tique. Il s\u2019agit de promouvoir une<br \/>\nfiscalit\u00e9 \u00e9cologique incitative r\u00e9compensant les bons comportements, ceux qui att\u00e9nuent l\u2019impact des activit\u00e9s humaines sur l\u2019environnement et le climat. Cette<br \/>\nfiscalit\u00e9 transparente devrait \u00eatre sans incidence sur la consommation et l\u2019activit\u00e9.<\/p>\n<p>La redistribution de tout ou partie du produit de cette taxe \u00e0 la population,<br \/>\ndans une logique du \u201cjuste retour\u201d pourrait prendre la forme d\u2019un rabais sur les factures d\u2019\u00e9nergie ou sur les primes des mutuelles pour l\u2019assurance<br \/>\nmaladie. Cela n\u00e9cessiterait de revoir l\u2019\u00e9miettement des taxes, redevances actuellement per\u00e7ues. Les fournisseurs d\u2019\u00e9nergie devraient aussi b\u00e9n\u00e9ficier d\u2019\u201cun<br \/>\njuste retour\u201d sous forme d\u2019aides pour modifier l\u2019impact de leur production sur l\u2019environnement. La fiscalit\u00e9 \u00e9cologique devrait enfin instaurer un bouclier<br \/>\n\u00e9nerg\u00e9tique pour les m\u00e9nages et les citoyens en situation de pr\u00e9carit\u00e9 \u00e9nerg\u00e9tique. C\u2019est une question de solidarit\u00e9.<\/p>\n","protected":false},"excerpt":{"rendered":"<p>L&rsquo;environnement La Commission Nationale de R\u00e9flexion sur le D\u00e9veloppement Durable du Grand Orient de France(CNRDD) a d\u00e9velopp\u00e9 cette ann\u00e9e une r\u00e9flexion sur la notion de progr\u00e8s. Elle entend \u00e9tablir les principes fondateurs d\u2019une sagesse humaine qui respecterait mieux la nature et que l\u2019on pourrait baptiser \u201c\u00e9cosophie\u201d, parce qu\u2019elle serait pour l\u2019homme une fa\u00e7on plus sage <a href=\"https:\/\/labienfaisance.re\/?page_id=86\" rel=\"nofollow\"><span class=\"sr-only\">En savoir plus surL&rsquo;environnement<\/span>[&#8230;]<\/a><\/p>\n","protected":false},"author":4,"featured_media":0,"parent":0,"menu_order":0,"comment_status":"closed","ping_status":"closed","template":"template-fullwidth.php","meta":{"footnotes":""},"class_list":["post-86","page","type-page","status-publish","hentry"],"_links":{"self":[{"href":"https:\/\/labienfaisance.re\/index.php?rest_route=\/wp\/v2\/pages\/86","targetHints":{"allow":["GET"]}}],"collection":[{"href":"https:\/\/labienfaisance.re\/index.php?rest_route=\/wp\/v2\/pages"}],"about":[{"href":"https:\/\/labienfaisance.re\/index.php?rest_route=\/wp\/v2\/types\/page"}],"author":[{"embeddable":true,"href":"https:\/\/labienfaisance.re\/index.php?rest_route=\/wp\/v2\/users\/4"}],"replies":[{"embeddable":true,"href":"https:\/\/labienfaisance.re\/index.php?rest_route=%2Fwp%2Fv2%2Fcomments&post=86"}],"version-history":[{"count":2,"href":"https:\/\/labienfaisance.re\/index.php?rest_route=\/wp\/v2\/pages\/86\/revisions"}],"predecessor-version":[{"id":89,"href":"https:\/\/labienfaisance.re\/index.php?rest_route=\/wp\/v2\/pages\/86\/revisions\/89"}],"wp:attachment":[{"href":"https:\/\/labienfaisance.re\/index.php?rest_route=%2Fwp%2Fv2%2Fmedia&parent=86"}],"curies":[{"name":"wp","href":"https:\/\/api.w.org\/{rel}","templated":true}]}}