{"id":62,"date":"2016-11-17T16:29:55","date_gmt":"2016-11-17T12:29:55","guid":{"rendered":"http:\/\/labienfaisance.re\/?page_id=62"},"modified":"2016-11-17T16:29:55","modified_gmt":"2016-11-17T12:29:55","slug":"la-solidarite-sociale","status":"publish","type":"page","link":"https:\/\/labienfaisance.re\/?page_id=62","title":{"rendered":"La solidarit\u00e9 sociale"},"content":{"rendered":"<p>Le Grand Orient de France, principale ob\u00e9dience ma\u00e7onnique fran\u00e7aise, a annonc\u00e9 jeudi qu\u2019il allait apporter 50 000 euros \u00e0 la cr\u00e8che Baby-Loup, embl\u00e9matique du <a href=\"http:\/\/www.liberation.fr\/societe\/2014\/06\/25\/la-salariee-voilee-de-baby-loup-deboutee_1050602\" target=\"_self\">combat pour la la\u00efcit\u00e9<\/a> mais en proie \u00e0 des difficult\u00e9s financi\u00e8res. La menace d\u2019une fermeture de la cr\u00e8che s\u2019est dissip\u00e9e mercredi avec l\u2019annonce par la mairie de Conflans-Sainte-Honorine et du conseil g\u00e9n\u00e9ral des Yvelines d\u2019efforts suppl\u00e9mentaires. Baby-Loup a assur\u00e9 que son activit\u00e9 \u00e9tait <em>\u00abviable pour les deux prochaines ann\u00e9es \u00e0 condition que nous puissions boucler 2014\u00bb<\/em>. Elle a dit <em>\u00abfaire appel \u00e0 la solidarit\u00e9 des fondations et des citoyens\u00bb<\/em> pour combler un trou de\u00a0250\u00a0000\u00a0euros.<\/p>\n<p>Dans un communiqu\u00e9, le Grand Orient de France (GODF) s\u2019est f\u00e9licit\u00e9 <em>\u00abdes solutions administratives apport\u00e9es \u00e0 la cr\u00e8che\u00bb<\/em> tout en jugeant utile de l\u2019aider \u00e0 <em>\u00abboucler son budget\u00bb<\/em>. Par cons\u00e9quent, <em>\u00aben r\u00e9ponse aux demandes de la cr\u00e8che\u00bb<\/em>, l\u2019ob\u00e9dience ma\u00e7onnique (50\u00a0000\u00a0membres) va lui apporter, par l\u2019interm\u00e9diaire de la fondation du GODF, la somme de\u00a050\u00a0000\u00a0euros, pr\u00e9cise le texte.<\/p>\n<p>Baby-Loup a fait parler d\u2019elle dans le conflit qui l\u2019opposait \u00e0 une ex-salari\u00e9e licenci\u00e9e fin\u00a02008 parce qu\u2019elle avait refus\u00e9 d\u2019\u00f4ter son voile au travail \u00e0 son retour de cong\u00e9 parental. Apr\u00e8s plus de cinq ans de feuilleton judiciaire, la Cour de cassation a confirm\u00e9 en juin le licenciement pour faute grave de Fatima Afif. Tr\u00e8s attach\u00e9 \u00e0 une <em>\u00abla\u00efcit\u00e9 r\u00e9publicaine\u00bb<\/em>, le Grand Orient a toujours d\u00e9fendu la direction de la cr\u00e8che, et plaide pour de nouvelles mesures l\u00e9gislatives afin d\u2019\u00e9viter \u00e0 l\u2019avenir ce type d&rsquo;<em>\u00abimbroglio juridique\u00bb<\/em>.<\/p>\n","protected":false},"excerpt":{"rendered":"<p>Le Grand Orient de France, principale ob\u00e9dience ma\u00e7onnique fran\u00e7aise, a annonc\u00e9 jeudi qu\u2019il allait apporter 50 000 euros \u00e0 la cr\u00e8che Baby-Loup, embl\u00e9matique du combat pour la la\u00efcit\u00e9 mais en proie \u00e0 des difficult\u00e9s financi\u00e8res. La menace d\u2019une fermeture de la cr\u00e8che s\u2019est dissip\u00e9e mercredi avec l\u2019annonce par la mairie de Conflans-Sainte-Honorine et du conseil <a href=\"https:\/\/labienfaisance.re\/?page_id=62\" rel=\"nofollow\"><span class=\"sr-only\">En savoir plus surLa solidarit\u00e9 sociale<\/span>[&#8230;]<\/a><\/p>\n","protected":false},"author":4,"featured_media":0,"parent":0,"menu_order":0,"comment_status":"closed","ping_status":"closed","template":"template-fullwidth.php","meta":{"footnotes":""},"class_list":["post-62","page","type-page","status-publish","hentry"],"_links":{"self":[{"href":"https:\/\/labienfaisance.re\/index.php?rest_route=\/wp\/v2\/pages\/62","targetHints":{"allow":["GET"]}}],"collection":[{"href":"https:\/\/labienfaisance.re\/index.php?rest_route=\/wp\/v2\/pages"}],"about":[{"href":"https:\/\/labienfaisance.re\/index.php?rest_route=\/wp\/v2\/types\/page"}],"author":[{"embeddable":true,"href":"https:\/\/labienfaisance.re\/index.php?rest_route=\/wp\/v2\/users\/4"}],"replies":[{"embeddable":true,"href":"https:\/\/labienfaisance.re\/index.php?rest_route=%2Fwp%2Fv2%2Fcomments&post=62"}],"version-history":[{"count":1,"href":"https:\/\/labienfaisance.re\/index.php?rest_route=\/wp\/v2\/pages\/62\/revisions"}],"predecessor-version":[{"id":63,"href":"https:\/\/labienfaisance.re\/index.php?rest_route=\/wp\/v2\/pages\/62\/revisions\/63"}],"wp:attachment":[{"href":"https:\/\/labienfaisance.re\/index.php?rest_route=%2Fwp%2Fv2%2Fmedia&parent=62"}],"curies":[{"name":"wp","href":"https:\/\/api.w.org\/{rel}","templated":true}]}}