{"id":32,"date":"2016-11-15T13:21:12","date_gmt":"2016-11-15T09:21:12","guid":{"rendered":"http:\/\/labienfaisance.re\/?page_id=32"},"modified":"2016-11-16T13:42:27","modified_gmt":"2016-11-16T09:42:27","slug":"la-laicite","status":"publish","type":"page","link":"https:\/\/labienfaisance.re\/?page_id=32","title":{"rendered":"La la\u00efcit\u00e9"},"content":{"rendered":"<p><strong>La la\u00efcit\u00e9<\/strong><br \/>\n\u00abLa France est une R\u00e9publique indivisible, la\u00efque, d\u00e9mocratique et sociale.<br \/>\nElle assure l&rsquo;\u00e9galit\u00e9 devant la loi de tous les citoyens sans distinction d&rsquo;origine, de race ou de religion.<br \/>\nElle respecte toutes les croyances.\u00bb (Constitution du 4 octobre 1958, article 2)<\/p>\n<p>\u00abNul ne doit \u00eatre inqui\u00e9t\u00e9 pour ses opinions, m\u00eame religieuses, pourvu que leur manifestation ne trouble pas l&rsquo;ordre public \u00e9tabli par la loi\u00bb (D\u00e9claration des droits de l&rsquo;Homme et du citoyen du 26 ao\u00fbt 1789, article 10)<\/p>\n<p>\u00abNul ne peut-\u00eatre l\u00e9s\u00e9, dans son travail ou son emploi, en raison de ses origines, de ses opinions ou de ses croyances. (&#8230;) L&rsquo;organisation de l&rsquo;enseignement public gratuit et la\u00efque \u00e0 tous les degr\u00e9s est un devoir de l&rsquo;\u00c9tat.\u00bb (Pr\u00e9ambule de la Constitution du 4 octobre 1958)<br \/>\n<strong>La la\u00efcit\u00e9 repose sur trois principes&#8230;<\/strong><\/p>\n<p>&#8211; La libert\u00e9 de conscience et la libert\u00e9 de culte<br \/>\nLa R\u00e9publique me donne le droit d\u2019avoir ou non une religion, d\u2019en changer et tout cela quand je le veux.<\/p>\n<p>&#8211; La s\u00e9paration des institutions publiques et des organisations religieuses<br \/>\nLa R\u00e9publique n\u2019a pas le droit de m\u2019obliger \u00e0 suivre un rituel religieux.<\/p>\n<p>&#8211; L\u2019\u00e9galit\u00e9 de tous devant la loi quelles que soient leurs croyances ou leurs convictions<br \/>\nLa R\u00e9publique est neutre.<\/p>\n<p><strong>La la\u00efcit\u00e9&#8230;<\/strong><\/p>\n<p>&#8211; La la\u00efcit\u00e9 n&rsquo;est pas une opinion&#8230; mais&#8230; La la\u00efcit\u00e9 est la libert\u00e9 d\u2019avoir une opinion.<br \/>\n&#8211; La la\u00efcit\u00e9 n&rsquo;est pas une conviction&#8230; La la\u00efcit\u00e9 autorise toute conviction.<br \/>\n<strong>En clair&#8230;<\/strong><\/p>\n<p>La la\u00efcit\u00e9 me garantit ma libert\u00e9 de conscience et me permet la libre expression de mes convictions, dans le respect de celles d\u2019autrui et dans les limites de l\u2019ordre public.<\/p>\n<p>La la\u00efcit\u00e9 est l\u2019assurance pour chacun de nous de jouir d\u2019une libert\u00e9 fondamentale :<br \/>\nLa libert\u00e9 de conscience<\/p>\n","protected":false},"excerpt":{"rendered":"<p>La la\u00efcit\u00e9 \u00abLa France est une R\u00e9publique indivisible, la\u00efque, d\u00e9mocratique et sociale. Elle assure l&rsquo;\u00e9galit\u00e9 devant la loi de tous les citoyens sans distinction d&rsquo;origine, de race ou de religion. Elle respecte toutes les croyances.\u00bb (Constitution du 4 octobre 1958, article 2) \u00abNul ne doit \u00eatre inqui\u00e9t\u00e9 pour ses opinions, m\u00eame religieuses, pourvu que leur <a href=\"https:\/\/labienfaisance.re\/?page_id=32\" rel=\"nofollow\"><span class=\"sr-only\">En savoir plus surLa la\u00efcit\u00e9<\/span>[&#8230;]<\/a><\/p>\n","protected":false},"author":4,"featured_media":0,"parent":0,"menu_order":0,"comment_status":"closed","ping_status":"closed","template":"template-fullwidth.php","meta":{"footnotes":""},"class_list":["post-32","page","type-page","status-publish","hentry"],"_links":{"self":[{"href":"https:\/\/labienfaisance.re\/index.php?rest_route=\/wp\/v2\/pages\/32","targetHints":{"allow":["GET"]}}],"collection":[{"href":"https:\/\/labienfaisance.re\/index.php?rest_route=\/wp\/v2\/pages"}],"about":[{"href":"https:\/\/labienfaisance.re\/index.php?rest_route=\/wp\/v2\/types\/page"}],"author":[{"embeddable":true,"href":"https:\/\/labienfaisance.re\/index.php?rest_route=\/wp\/v2\/users\/4"}],"replies":[{"embeddable":true,"href":"https:\/\/labienfaisance.re\/index.php?rest_route=%2Fwp%2Fv2%2Fcomments&post=32"}],"version-history":[{"count":6,"href":"https:\/\/labienfaisance.re\/index.php?rest_route=\/wp\/v2\/pages\/32\/revisions"}],"predecessor-version":[{"id":40,"href":"https:\/\/labienfaisance.re\/index.php?rest_route=\/wp\/v2\/pages\/32\/revisions\/40"}],"wp:attachment":[{"href":"https:\/\/labienfaisance.re\/index.php?rest_route=%2Fwp%2Fv2%2Fmedia&parent=32"}],"curies":[{"name":"wp","href":"https:\/\/api.w.org\/{rel}","templated":true}]}}