{"id":282,"date":"2017-01-07T14:07:26","date_gmt":"2017-01-07T10:07:26","guid":{"rendered":"http:\/\/labienfaisance.re\/?page_id=282"},"modified":"2017-10-17T16:15:56","modified_gmt":"2017-10-17T12:15:56","slug":"resume-et-planche-le-suicide-batisseur-de-linitiation","status":"publish","type":"page","link":"https:\/\/labienfaisance.re\/?page_id=282","title":{"rendered":"R\u00e9sum\u00e9 et planche le suicide b\u00e2tisseur de l&rsquo;initiation"},"content":{"rendered":"","protected":true},"excerpt":{"rendered":"","protected":true},"author":4,"featured_media":0,"parent":0,"menu_order":0,"comment_status":"closed","ping_status":"closed","template":"","meta":{"footnotes":""},"class_list":["post-282","page","type-page","status-publish","post-password-required","hentry"],"_links":{"self":[{"href":"https:\/\/labienfaisance.re\/index.php?rest_route=\/wp\/v2\/pages\/282","targetHints":{"allow":["GET"]}}],"collection":[{"href":"https:\/\/labienfaisance.re\/index.php?rest_route=\/wp\/v2\/pages"}],"about":[{"href":"https:\/\/labienfaisance.re\/index.php?rest_route=\/wp\/v2\/types\/page"}],"author":[{"embeddable":true,"href":"https:\/\/labienfaisance.re\/index.php?rest_route=\/wp\/v2\/users\/4"}],"replies":[{"embeddable":true,"href":"https:\/\/labienfaisance.re\/index.php?rest_route=%2Fwp%2Fv2%2Fcomments&post=282"}],"version-history":[{"count":2,"href":"https:\/\/labienfaisance.re\/index.php?rest_route=\/wp\/v2\/pages\/282\/revisions"}],"predecessor-version":[{"id":334,"href":"https:\/\/labienfaisance.re\/index.php?rest_route=\/wp\/v2\/pages\/282\/revisions\/334"}],"wp:attachment":[{"href":"https:\/\/labienfaisance.re\/index.php?rest_route=%2Fwp%2Fv2%2Fmedia&parent=282"}],"curies":[{"name":"wp","href":"https:\/\/api.w.org\/{rel}","templated":true}]}}