{"id":201,"date":"2016-11-26T17:51:58","date_gmt":"2016-11-26T13:51:58","guid":{"rendered":"http:\/\/labienfaisance.re\/?page_id=201"},"modified":"2016-11-26T22:02:15","modified_gmt":"2016-11-26T18:02:15","slug":"robert-surcouf","status":"publish","type":"page","link":"https:\/\/labienfaisance.re\/?page_id=201","title":{"rendered":"Robert SURCOUF"},"content":{"rendered":"<div class=\"entry-header\">\n<h1 class=\"entry-title\"><a href=\"http:\/\/godf.re\/wp-content\/uploads\/2014\/12\/SURCOUF-Robert.png\"><img loading=\"lazy\" decoding=\"async\" class=\"alignnone size-full wp-image-180\" src=\"http:\/\/godf.re\/wp-content\/uploads\/2014\/12\/SURCOUF-Robert.png\" sizes=\"auto, (max-width: 283px) 100vw, 283px\" srcset=\"http:\/\/godf.re\/wp-content\/uploads\/2014\/12\/SURCOUF-Robert.png 283w, http:\/\/godf.re\/wp-content\/uploads\/2014\/12\/SURCOUF-Robert-150x150.png 150w\" alt=\"SURCOUF Robert\" width=\"283\" height=\"283\" \/><\/a><\/h1>\n<\/div>\n<div class=\"entry-content\">\n<p><strong>Sa vie profane<\/strong><br \/>\nN\u00e9 le 12 d\u00e9cembre 1773 \u00e0 SAINT-MALO<br \/>\nD\u00e9c\u00e9d\u00e9 le 8 juillet 1827 \u00e0 RIANCOUR<\/p>\n<p>\u2022 Corsaire<\/p>\n<p>Marin intr\u00e9pide, il harc\u00e8lera sans r\u00e9pit les marines marchandes et militaires britanniques, non seulement sur les mers de l\u2019Europe, mais aussi sur celles de l\u2019Inde.<\/p>\n<p>Ses multiples exploits dans ce domaine lui vaudront \u00e0 la fois la gloire \u2013 il sera nomm\u00e9 membre de la L\u00e9gion d\u2019honneur le 26 prairial an XII (14 juin 1804) \u2013 mais aussi la fortune.<\/p>\n<p>Ce jeune et fougueux capitaine de vingt ans va commander successivement plusieurs b\u00e2timents : l\u2019\u00c9milie, le Cartier, la Clarisse, la Confiance et le Revenant.<br \/>\nIl effectuera des dizaines de combats et par deux fois, il fera front \u00e0 deux contre un : en f\u00e9vrier 1799 contre l\u2019Anna-Maria et le Coturbok puis en janvier 1800 contre la Louisia et le Mercury.<\/p>\n<p>Il totalisera entre 1795 et 1801, puis 1807 et 1808, pas moins de 44 prises dont deux \u2013 le Triton et le Kent \u2013 entreront dans la l\u00e9gende.<br \/>\nConsid\u00e9r\u00e9 encore de nos jours comme un des meilleurs marins que la FRANCE ait jamais eu, son palmar\u00e8s reste in\u00e9gal\u00e9.<\/p>\n<p>Devenu armateur, il ne cessera d\u2019accro\u00eetre sa fortune.<\/p>\n<p>S\u2019\u00e9tant embarqu\u00e9 d\u00e8s l\u2019\u00e2ge de 13 ans entre d\u00e9sir d\u2019aventures et besoin d\u2019argent, Robert Surcouf pourra se flatter, \u00e0 la fin de sa vie, d\u2019\u00eatre un des plus riches et puissants armateurs de Saint-Malo doubl\u00e9 d\u2019un prosp\u00e8re propri\u00e9taire terrien de 800 hectares.<\/p>\n<p>Sa vie ma\u00e7onnique<br \/>\n\u2022 Initi\u00e9 \u00e0 la Loge \u00ab La triple essence \u00bb de SAINT-MALO<\/p>\n<\/div>\n<p><a href=\"https:\/\/labienfaisance.re\/?page_id=148\">R<\/a><a href=\"https:\/\/labienfaisance.re\/?page_id=148\">etour<\/a><\/p>\n","protected":false},"excerpt":{"rendered":"<p>Sa vie profane N\u00e9 le 12 d\u00e9cembre 1773 \u00e0 SAINT-MALO D\u00e9c\u00e9d\u00e9 le 8 juillet 1827 \u00e0 RIANCOUR \u2022 Corsaire Marin intr\u00e9pide, il harc\u00e8lera sans r\u00e9pit les marines marchandes et militaires britanniques, non seulement sur les mers de l\u2019Europe, mais aussi sur celles de l\u2019Inde. Ses multiples exploits dans ce domaine lui vaudront \u00e0 la fois <a href=\"https:\/\/labienfaisance.re\/?page_id=201\" rel=\"nofollow\"><span class=\"sr-only\">En savoir plus surRobert SURCOUF<\/span>[&#8230;]<\/a><\/p>\n","protected":false},"author":4,"featured_media":0,"parent":0,"menu_order":0,"comment_status":"closed","ping_status":"closed","template":"template-fullwidth.php","meta":{"footnotes":""},"class_list":["post-201","page","type-page","status-publish","hentry"],"_links":{"self":[{"href":"https:\/\/labienfaisance.re\/index.php?rest_route=\/wp\/v2\/pages\/201","targetHints":{"allow":["GET"]}}],"collection":[{"href":"https:\/\/labienfaisance.re\/index.php?rest_route=\/wp\/v2\/pages"}],"about":[{"href":"https:\/\/labienfaisance.re\/index.php?rest_route=\/wp\/v2\/types\/page"}],"author":[{"embeddable":true,"href":"https:\/\/labienfaisance.re\/index.php?rest_route=\/wp\/v2\/users\/4"}],"replies":[{"embeddable":true,"href":"https:\/\/labienfaisance.re\/index.php?rest_route=%2Fwp%2Fv2%2Fcomments&post=201"}],"version-history":[{"count":2,"href":"https:\/\/labienfaisance.re\/index.php?rest_route=\/wp\/v2\/pages\/201\/revisions"}],"predecessor-version":[{"id":229,"href":"https:\/\/labienfaisance.re\/index.php?rest_route=\/wp\/v2\/pages\/201\/revisions\/229"}],"wp:attachment":[{"href":"https:\/\/labienfaisance.re\/index.php?rest_route=%2Fwp%2Fv2%2Fmedia&parent=201"}],"curies":[{"name":"wp","href":"https:\/\/api.w.org\/{rel}","templated":true}]}}