{"id":192,"date":"2016-11-26T16:50:12","date_gmt":"2016-11-26T12:50:12","guid":{"rendered":"http:\/\/labienfaisance.re\/?page_id=192"},"modified":"2016-11-26T21:58:13","modified_gmt":"2016-11-26T17:58:13","slug":"jean-baptiste-renoyal-de-lescouble","status":"publish","type":"page","link":"https:\/\/labienfaisance.re\/?page_id=192","title":{"rendered":"Jean-Baptiste RENOYAL DE LESCOUBLE"},"content":{"rendered":"<div class=\"entry-header\">\n<h1 class=\"entry-title\"><a href=\"http:\/\/godf.re\/wp-content\/uploads\/2015\/01\/fc.png\"><img loading=\"lazy\" decoding=\"async\" class=\"alignnone size-full wp-image-467\" src=\"http:\/\/godf.re\/wp-content\/uploads\/2015\/01\/fc.png\" sizes=\"auto, (max-width: 283px) 100vw, 283px\" srcset=\"http:\/\/godf.re\/wp-content\/uploads\/2015\/01\/fc.png 283w, http:\/\/godf.re\/wp-content\/uploads\/2015\/01\/fc-150x150.png 150w\" alt=\"fc\" width=\"283\" height=\"283\" \/><\/a><\/h1>\n<\/div>\n<div class=\"entry-content\">\n<p>Sa vie profane<br \/>\nN\u00e9 en 1776 l\u2019\u00eele de La REUNION<br \/>\nD\u00e9c\u00e9d\u00e9 en 1838 \u00e0 l\u2019\u00eele de La REUNION<\/p>\n<p>\u2022 Propri\u00e9taire terrien, \u00e9crivain<\/p>\n<p>Il est le fils d\u2019un officier breton et d\u2019une Cr\u00e9ole de la R\u00e9union.<\/p>\n<p>Jean-Baptiste Renoyal de Lescouble quitte l\u2019\u00eele \u00e0 l\u2019\u00e2ge de onze ans, en compagnie de ses fr\u00e8res pour suivre des \u00e9tudes, ses parents souhaitent que leurs enfants re\u00e7oivent en France une \u00e9ducation plus compl\u00e8te que celle qu\u2019ils peuvent obtenir sur place comme la plupart des familles nobles ou ais\u00e9es de l\u2019\u00e9poque.<\/p>\n<p>Quand il arrive en France pour faire ses \u00e9tudes, comme un certain nombre de jeunes de son temps, la r\u00e9volution est sur le point d\u2019\u00e9clater et c\u2019est l\u00e0-bas qu\u2019il va vivre ces \u00e9v\u00e8nements.<\/p>\n<p>Il est de retour \u00e0 La R\u00e9union en 1796 et s\u2019installe comme planteur \u00e0 Sainte-Suzanne, Lescouble est passionn\u00e9 par la terre qu\u2019il cultive mais aussi soucieux du bien-\u00eatre de ses contemporains.<\/p>\n<p>C\u2019est justement l\u2019ann\u00e9e ou BACO et BURNEL tentent de faire appliquer le d\u00e9cret d\u2019abolition de l\u2019esclavage pris par la convention nationale, et qui se sont retrouv\u00e9s rejet\u00e9s \u00e0 la mer et contraints de rentrer en FRANCE.<\/p>\n<p>Il participe \u00e0 la cr\u00e9ation de l\u2019Association des Francs-Cr\u00e9oles, le 15 mai 1831.<br \/>\nFond\u00e9e dans l\u2019habitation de Quartier Fran\u00e7ais o\u00f9 est n\u00e9 Nicole Robinet de La Serve, son initiateur, elle rassemble en quelques mois un grand nombre de planteurs de la classe moyenne cr\u00e9ole de la C\u00f4te au Vent, voire de l\u2019ensemble de l\u2019\u00eele, parmi lesquels Jean-Baptiste Renoyal de Lescouble et Fran\u00e7ois-Auguste Vinson.<\/p>\n<p>Inspir\u00e9 par le carbonarisme, auquel son fondateur s\u2019est frott\u00e9 en France m\u00e9tropolitaine \u00e0 la fin des ann\u00e9es 1820, le mouvement compte parmi ses membres beaucoup de francs-ma\u00e7ons.<\/p>\n<p>Les Francs-Cr\u00e9oles r\u00e9clament une s\u00e9rie de r\u00e9formes, parmi lesquelles l\u2019\u00e9tablissement de la libert\u00e9 de la presse, qu\u2019ils s\u2019arrogent en imprimant clandestinement un titre de presse appel\u00e9 \u00ab Le Salazien \u00bb.<\/p>\n<p>Ils visent en particulier la cr\u00e9ation \u00e0 Bourbon d\u2019une assembl\u00e9e \u00e9lue \u00e0 la mani\u00e8re de celles qui existent alors dans les d\u00e9partements fran\u00e7ais.<\/p>\n<p>Ce faisant, leur mouvement s\u2019oppose au gouverneur \u00c9tienne-Henri Mengin du Val d\u2019Ailly, qui est rapidement inform\u00e9 de son existence, au point qu\u2019il invite plusieurs responsables \u00e0 s\u2019expliquer lors de repas.<br \/>\nLes Francs-Cr\u00e9oles finissent par obtenir gain de cause avec la cr\u00e9ation du Conseil colonial de Bourbon.<br \/>\nIl a tenu son journal de 1811 \u00e0 1838, ann\u00e9e de sa mort.<\/p>\n<p>Boulimique de l\u2019action, il y relate ses activit\u00e9s de planteur, d\u2019architecte, de peintre et surtout, t\u00e9moigne de son \u00e9poque dans la soci\u00e9t\u00e9 de l\u2019\u00eele Bourbon au d\u00e9but du 19\u00e8me si\u00e8cle.<\/p>\n<p>Jean-Baptiste de Lescouble meurt en 1838, sans avoir vu l\u2019abolition de l\u2019esclavage \u00e0 laquelle il s\u2019\u00e9tait ralli\u00e9.<\/p>\n<p>Sa vie ma\u00e7onnique<br \/>\n\u2022 Initi\u00e9 en 1819 \u00e0 la loge \u00ab la Parfaite Harmonie \u00bb, SAINT-DENIS<br \/>\n\u2022 Le 3 mai 1831 il rejoint \u00ab les Amis R\u00e9unis \u00bb, SAINT-ANDR\u00c9<\/p>\n<p><a href=\"https:\/\/labienfaisance.re\/?page_id=148\">R<\/a><a href=\"https:\/\/labienfaisance.re\/?page_id=148\">etour<\/a><\/p>\n<\/div>\n","protected":false},"excerpt":{"rendered":"<p>Sa vie profane N\u00e9 en 1776 l\u2019\u00eele de La REUNION D\u00e9c\u00e9d\u00e9 en 1838 \u00e0 l\u2019\u00eele de La REUNION \u2022 Propri\u00e9taire terrien, \u00e9crivain Il est le fils d\u2019un officier breton et d\u2019une Cr\u00e9ole de la R\u00e9union. Jean-Baptiste Renoyal de Lescouble quitte l\u2019\u00eele \u00e0 l\u2019\u00e2ge de onze ans, en compagnie de ses fr\u00e8res pour suivre des \u00e9tudes, <a href=\"https:\/\/labienfaisance.re\/?page_id=192\" rel=\"nofollow\"><span class=\"sr-only\">En savoir plus surJean-Baptiste RENOYAL DE LESCOUBLE<\/span>[&#8230;]<\/a><\/p>\n","protected":false},"author":4,"featured_media":0,"parent":0,"menu_order":0,"comment_status":"closed","ping_status":"closed","template":"template-fullwidth.php","meta":{"footnotes":""},"class_list":["post-192","page","type-page","status-publish","hentry"],"_links":{"self":[{"href":"https:\/\/labienfaisance.re\/index.php?rest_route=\/wp\/v2\/pages\/192","targetHints":{"allow":["GET"]}}],"collection":[{"href":"https:\/\/labienfaisance.re\/index.php?rest_route=\/wp\/v2\/pages"}],"about":[{"href":"https:\/\/labienfaisance.re\/index.php?rest_route=\/wp\/v2\/types\/page"}],"author":[{"embeddable":true,"href":"https:\/\/labienfaisance.re\/index.php?rest_route=\/wp\/v2\/users\/4"}],"replies":[{"embeddable":true,"href":"https:\/\/labienfaisance.re\/index.php?rest_route=%2Fwp%2Fv2%2Fcomments&post=192"}],"version-history":[{"count":2,"href":"https:\/\/labienfaisance.re\/index.php?rest_route=\/wp\/v2\/pages\/192\/revisions"}],"predecessor-version":[{"id":216,"href":"https:\/\/labienfaisance.re\/index.php?rest_route=\/wp\/v2\/pages\/192\/revisions\/216"}],"wp:attachment":[{"href":"https:\/\/labienfaisance.re\/index.php?rest_route=%2Fwp%2Fv2%2Fmedia&parent=192"}],"curies":[{"name":"wp","href":"https:\/\/api.w.org\/{rel}","templated":true}]}}