{"id":188,"date":"2016-11-26T16:47:29","date_gmt":"2016-11-26T12:47:29","guid":{"rendered":"http:\/\/labienfaisance.re\/?page_id=188"},"modified":"2016-11-26T21:57:09","modified_gmt":"2016-11-26T17:57:09","slug":"188-2","status":"publish","type":"page","link":"https:\/\/labienfaisance.re\/?page_id=188","title":{"rendered":"Henri-Paulin Panon DESBASSAYN"},"content":{"rendered":"<div class=\"entry-header\">\n<h1 class=\"entry-title\"><a href=\"http:\/\/godf.re\/wp-content\/uploads\/2014\/12\/desbassyn.png\"><img loading=\"lazy\" decoding=\"async\" class=\"alignnone size-full wp-image-201\" src=\"http:\/\/godf.re\/wp-content\/uploads\/2014\/12\/desbassyn.png\" sizes=\"auto, (max-width: 283px) 100vw, 283px\" srcset=\"http:\/\/godf.re\/wp-content\/uploads\/2014\/12\/desbassyn.png 283w, http:\/\/godf.re\/wp-content\/uploads\/2014\/12\/desbassyn-150x150.png 150w\" alt=\"desbassyn\" width=\"283\" height=\"283\" \/><\/a><\/h1>\n<\/div>\n<div class=\"entry-content\">\n<p><strong>Sa vie profane<\/strong><br \/>\nN\u00e9 le 11 f\u00e9vrier 1732 \u00e0 SAINT-PAUL, \u00eele de La REUNION<br \/>\nD\u00e9c\u00e9d\u00e9 le 11 octobre 1800 \u00e0 SAINT-PAUL<\/p>\n<p>\u2022Major d\u2019infanterie<\/p>\n<p>La famille Panon Desbassayns de Richemont, est une vieille famille fran\u00e7aise. Initialement nomm\u00e9e Panon et apr\u00e8s Desbassayns (trois bassins sur le lieu) et Richemont (mont riche), d\u2019o\u00f9 les branches Panon Desbassayns et les branches Panon de Richemont.<\/p>\n<p>Henri Paulin Panon\u2013Desbassyns est n\u00e9 le 11 f\u00e9vrier 1732 \u00e0 Saint-Paul et mort le 11 octobre 1800, enterr\u00e9 au cimeti\u00e8re marin de Saint-Paul.<br \/>\nIl a \u00e9t\u00e9 mari\u00e9 \u00e0 Marie Anne Th\u00e9r\u00e8se Ombline Gonneau, plus connue sous le nom de Madame Desbassyns.<\/p>\n<p>Henry Paulin est un des premiers membres \u00e9minents de la famille. Il entre jeune dans la milice coloniale. Il fait la guerre de 7 ans en Inde avec le grade de Capitaine mais sera fait prisonnier lors de la capitulation de Pondich\u00e9ry qui sera d\u00e9truit par les troupes britanniques.<\/p>\n<p>D\u00e8s son retour \u00e0 Bourbon en 1763, il h\u00e9rite de sa grand-m\u00e8re. Dans cet h\u00e9ritage, il y a un immense territoire \u00e0 la ravine Saint Gilles.<br \/>\nC\u2019est \u00e0 ce moment-l\u00e0 qu\u2019il prendra le nom de Desbassyns. Pratique courante \u00e0 cette \u00e9poque, il a amen\u00e9 avec lui des esclaves. A son retour, il est nomm\u00e9 Major de la milice de Saint-Paul et Chevalier royal et militaire de Saint-Louis et en tant que tel titulaire de l\u2019Ordre de Saint-Louis, titre qui pouvait conf\u00e9rer un tremplin vers la noblesse.<\/p>\n<p>Soucieux de la r\u00e9ussite scolaire et sociale de ses enfants, il entreprend en 1785 puis 1790 deux voyages en France. De v\u00e9ritables exp\u00e9riences initiatiques durant lesquelles il a tenu des journaux intimes contenant une foule d\u2019informations sur ses go\u00fbts, ses ambitions, ses d\u00e9couvertes, ses enthousiasmes parfois aussi ses d\u00e9ceptions, ses craintes, voire ses angoisses.<br \/>\nIl est connu \u00e9galement pour avoir \u00e9crit \u00ab Le Petit journal des \u00e9poques pour servir \u00e0 ma m\u00e9moire \u00bb qui relate son premier s\u00e9jour en m\u00e9tropole de d\u00e9cembre 1784 \u00e0 d\u00e9cembre 1785 et \u00ab Voyage \u00e0 Paris pendant la R\u00e9volution Fran\u00e7aise de d\u00e9cembre 1789 \u00e0 d\u00e9cembre 1792 \u00bb.<\/p>\n<p>Aujourd\u2019hui et malgr\u00e9 tout ce qu\u2019il a pu apporter \u00e0 la R\u00e9union, Monsieur Panon Desbassyns reste celui qui, discret, a v\u00e9cu dans l\u2019ombre de sa femme, Madame Marie Anne Th\u00e9r\u00e8se Ombline Desbassayns<br \/>\nDepuis le XVIIIe si\u00e8cle, la famille de Vill\u00e8le, en m\u00e9tropole et \u00e0 la R\u00e9union, conserva pr\u00e9cieusement dans les archives familiales, les carnets de voyage d\u2019Henry Paulin Panon Desbassayns : Le Petit journal des \u00e9poques pour servir \u00e0 ma m\u00e9moire qui relate le premier s\u00e9jour en m\u00e9tropole de d\u00e9cembre 1784 \u00e0 d\u00e9cembre 1785 et Voyage \u00e0 Paris pendant la R\u00e9volution Fran\u00e7aise de d\u00e9cembre 1789 \u00e0 d\u00e9cembre 1792.<br \/>\nLa providence voulut donc que les souvenirs de voyage d\u2019un Cr\u00e9ole r\u00e9unionnais en m\u00e9tropole passent \u00e0 la post\u00e9rit\u00e9 : un itin\u00e9raire touristique et initiatique au milieu des d\u00e9dales de la soci\u00e9t\u00e9 d\u2019Ancien R\u00e9gime d\u00e9clin\u00e9 au fil de pages gonfl\u00e9es de curiosit\u00e9, d\u2019\u00e9tonnement, de d\u00e9pit et d\u2019all\u00e9gresse.<br \/>\nHenry Panon est fier d\u2019\u00eatre r\u00e9unionnais, et il se pla\u00eet \u00e0 se dire \u00ab \u00e9tranger \u00bb \u2013 un \u00ab africain \u00bb comme le nommera l\u2019un de ses interlocuteurs \u2013 sur un territoire m\u00e9tropolitain qu\u2019il foule pour la premi\u00e8re fois en 1785, \u00e0 55 ans. Sa terre natale et les guerres de l\u2019Inde ont forg\u00e9 une identit\u00e9 solide exprimant \u00e0 de multiples reprises le caract\u00e8re de sa diff\u00e9rence, s\u2019attachant \u00e0 cultiver dans les relations et les repas qui ponctuent ses journ\u00e9es, cette ancre culturelle.<br \/>\nCette communaut\u00e9 des colonies indiennes \u00e0 Paris est l\u2019\u00e9cume d\u2019une longue histoire d\u2019int\u00e9r\u00eats \u00e9conomiques et culturels partag\u00e9s entre les \u00eeles Mascareignes et les Comptoirs fran\u00e7ais de l\u2019Inde.<br \/>\nDemeur\u00e9e longtemps comme une forme de sociabilit\u00e9 unique, la Franc-ma\u00e7onnerie a pris tr\u00e8s t\u00f4t racine dans l\u2019Oc\u00e9an Indien Occidental multipliant les temples sur les routes commerciales et militaires et perp\u00e9tuant ainsi des cellules d\u2019int\u00e9r\u00eats partag\u00e9s.<br \/>\nCes trois \u00e9l\u00e9ments fondateurs d\u2019une sociabilit\u00e9 sp\u00e9cifique marqu\u00e9e par l\u2019histoire et son appartenance \u00e0 une g\u00e9ographie culturelle d\u00e9terminent les ressorts relationnels sous-tendant le petit monde d\u2019Henry Panon.<br \/>\nSi nous ne trouvons pas d\u2019affiliation d\u2019Henry Panon aux loges r\u00e9unionnaises ou mauriciennes, il nous dit avoir pass\u00e9 le grade de la ma\u00e7onnerie \u00e9cossaise \u00ab Rose Croix \u00bb, le 26 juillet 1792 et avoir \u00e9t\u00e9 re\u00e7u comme officier du Grand Orient, le 23 ao\u00fbt de la m\u00eame ann\u00e9e.<br \/>\nIl est affili\u00e9 au m\u00eame titre que ses fils, Julien, Henri et Philippe \u00e0 la loge parisienne La R\u00e9union des Amis Intimes o\u00f9 il retrouve Ren\u00e9 Michel Houbert, un ancien officier de l\u2019Ile de France reconverti dans le n\u00e9goce.<br \/>\nAutour de ces ressortissants de l\u2019Inde, l\u2019approche ma\u00e7onnique du monde d\u2019Henry Panon \u00e9voque des \u00e9l\u00e9ments plus diffus centr\u00e9s sur les int\u00e9r\u00eats \u00e9conomiques, les pouvoirs en pr\u00e9sence et les liens de parent\u00e9.<br \/>\nLa Loge ma\u00e7onnique \u00ab Les Neufs S\u0153urs \u00bb accueillent les fr\u00e8res cr\u00e9oles Forges Parny dont l\u2019un, Evariste D\u00e9sir\u00e9, sera re\u00e7u \u00e0 l\u2019Acad\u00e9mie Fran\u00e7aise en 1803.<\/p>\n<p><strong>Sa vie ma\u00e7onnique<\/strong><br \/>\n\u2022Initi\u00e9 en 1791 \u00e0 la Loge \u00ab La REUNION des amis intimes \u00bb, PARIS<\/p>\n<\/div>\n<p><a href=\"https:\/\/labienfaisance.re\/?page_id=148\">R<\/a><a href=\"https:\/\/labienfaisance.re\/?page_id=148\">etour<\/a><\/p>\n","protected":false},"excerpt":{"rendered":"<p>Sa vie profane N\u00e9 le 11 f\u00e9vrier 1732 \u00e0 SAINT-PAUL, \u00eele de La REUNION D\u00e9c\u00e9d\u00e9 le 11 octobre 1800 \u00e0 SAINT-PAUL \u2022Major d\u2019infanterie La famille Panon Desbassayns de Richemont, est une vieille famille fran\u00e7aise. Initialement nomm\u00e9e Panon et apr\u00e8s Desbassayns (trois bassins sur le lieu) et Richemont (mont riche), d\u2019o\u00f9 les branches Panon Desbassayns et <a href=\"https:\/\/labienfaisance.re\/?page_id=188\" rel=\"nofollow\"><span class=\"sr-only\">En savoir plus surHenri-Paulin Panon DESBASSAYN<\/span>[&#8230;]<\/a><\/p>\n","protected":false},"author":4,"featured_media":0,"parent":0,"menu_order":0,"comment_status":"closed","ping_status":"closed","template":"template-fullwidth.php","meta":{"footnotes":""},"class_list":["post-188","page","type-page","status-publish","hentry"],"_links":{"self":[{"href":"https:\/\/labienfaisance.re\/index.php?rest_route=\/wp\/v2\/pages\/188","targetHints":{"allow":["GET"]}}],"collection":[{"href":"https:\/\/labienfaisance.re\/index.php?rest_route=\/wp\/v2\/pages"}],"about":[{"href":"https:\/\/labienfaisance.re\/index.php?rest_route=\/wp\/v2\/types\/page"}],"author":[{"embeddable":true,"href":"https:\/\/labienfaisance.re\/index.php?rest_route=\/wp\/v2\/users\/4"}],"replies":[{"embeddable":true,"href":"https:\/\/labienfaisance.re\/index.php?rest_route=%2Fwp%2Fv2%2Fcomments&post=188"}],"version-history":[{"count":3,"href":"https:\/\/labienfaisance.re\/index.php?rest_route=\/wp\/v2\/pages\/188\/revisions"}],"predecessor-version":[{"id":214,"href":"https:\/\/labienfaisance.re\/index.php?rest_route=\/wp\/v2\/pages\/188\/revisions\/214"}],"wp:attachment":[{"href":"https:\/\/labienfaisance.re\/index.php?rest_route=%2Fwp%2Fv2%2Fmedia&parent=188"}],"curies":[{"name":"wp","href":"https:\/\/api.w.org\/{rel}","templated":true}]}}