{"id":185,"date":"2016-11-26T16:45:46","date_gmt":"2016-11-26T12:45:46","guid":{"rendered":"http:\/\/labienfaisance.re\/?page_id=185"},"modified":"2016-11-26T21:57:47","modified_gmt":"2016-11-26T17:57:47","slug":"jean-baptiste-lislet-geoffroy","status":"publish","type":"page","link":"https:\/\/labienfaisance.re\/?page_id=185","title":{"rendered":"Jean-Baptiste LISLET-GEOFFROY"},"content":{"rendered":"<div class=\"entry-header\">\n<h1 class=\"entry-title\"><a href=\"http:\/\/godf.re\/wp-content\/uploads\/2014\/12\/lisley_geoffroy.png\"><img loading=\"lazy\" decoding=\"async\" class=\"alignnone size-full wp-image-188\" src=\"http:\/\/godf.re\/wp-content\/uploads\/2014\/12\/lisley_geoffroy.png\" sizes=\"auto, (max-width: 283px) 100vw, 283px\" srcset=\"http:\/\/godf.re\/wp-content\/uploads\/2014\/12\/lisley_geoffroy.png 283w, http:\/\/godf.re\/wp-content\/uploads\/2014\/12\/lisley_geoffroy-150x150.png 150w\" alt=\"lisley_geoffroy\" width=\"283\" height=\"283\" \/><\/a><\/h1>\n<\/div>\n<div class=\"entry-content\">\n<p><strong>Sa vie profane<\/strong><br \/>\nN\u00e9 le 23 ao\u00fbt 1755 \u00e0 SAINT-PIERRE, Ile de La REUNION<br \/>\nD\u00e9c\u00e9d\u00e9 le 8 f\u00e9vrier 1836 \u00e0 PORT-LOUIS, Ile MAURICE<\/p>\n<p>\u2022 Cartographe<\/p>\n<p>Enfant naturel, comme on disait \u00e0 l\u2019\u00e9poque, non reconnu et sans patronyme, il n\u2019acqu\u00e9rera ce dernier que quarante ann\u00e9es plus tard.<br \/>\nIl \u00e9tait l\u00e9galement impossible \u00e0 M. Geoffroy p\u00e8re, d\u2019\u00e9pouser Niama en justes noces, m\u00eame affranchie, pas plus qu\u2019il lui \u00e9tait loisible de reconna\u00eetre son fils, quand bien m\u00eame l\u2019eut-il souhait\u00e9 ardemment.<\/p>\n<p>Notons que lorsqu\u2019en 1755, Geoffroy-p\u00e8re demande au Conseil Sup\u00e9rieur de l\u2019affranchir, il justifie sa requ\u00eate en pr\u00e9cisant qu\u2019il doit \u201cun service consid\u00e9rable de sa plus ancienne esclave nomm\u00e9e Niama, n\u00e9gresse de Guin\u00e9e, particuli\u00e8rement dans une maladie de deux ans.\u201d Celle-ci fut donc, selon J\u00e9r\u00f4me Jolivet, la cinqui\u00e8me femme affranchie de Bourbon, elle sera d\u2019ailleurs une des toutes premi\u00e8res \u00e0 obtenir une concession jouxtant celle de M. Geoffroy.<\/p>\n<p>Comme le couple s\u2019\u00e9tait \u00e9tabli dans la r\u00e9gion de la rivi\u00e8re d\u2019Abord, dans un lieu-dit \u201cL\u2019islet Bassin plat\u201d, cela valut \u00e0 l\u2019enfant son surnom de \u201cLislet\u201d, qui ne quitta plus son patronyme, du moins lorsqu\u2019il lui fut devenu possible de porter ce dernier, c\u2019est-\u00e0-dire \u00e0 compter de 1794. Cela eut le m\u00e9rite de lui conf\u00e9rer une identit\u00e9 particuli\u00e8re, ce qui \u00e9tait rarissime voire unique en cette p\u00e9riode d\u2019esclavage.<\/p>\n<p>C\u2019est en 1794, en effet, que M. Geoffroy p\u00e8re, put enfin b\u00e9n\u00e9ficier de l\u2019opportunit\u00e9 l\u00e9gale que lui accorda la Convention, d\u2019enfin pouvoir adopter l\u00e9galement son fils, Jean-Baptiste Lislet, et faire ainsi de lui son h\u00e9ritier.<\/p>\n<p>Son p\u00e8re, ing\u00e9nieur de la Compagnie des Indes, est un \u00e9rudit, f\u00e9ru de technique, peintre de talent, il sut procurer \u00e0 son fils a\u00een\u00e9 une instruction de grande qualit\u00e9 pour l\u2019\u00e9poque. L\u2019ann\u00e9e pr\u00e9c\u00e9dente, la famille de Lislet quitte Saint-Pierre pour l\u2019Isle de France et d\u00e9cide vraisemblablement de s\u2019\u00e9tablir \u00e0 Port-Louis. De cet \u00e9v\u00e9nement fortuit et certainement professionnel, na\u00eetra une ascension intellectuelle sans faute note.<\/p>\n<p>L\u2019arriv\u00e9e des Geoffroy \u00e0 Port-Louis co\u00efncide avec l\u2019entreprise de grands travaux dirig\u00e9s par le chevalier de Tromelin et destin\u00e9s \u00e0 transformer Port-Louis en un grand port d\u2019envergure r\u00e9gionale. D\u00e8s seize ans, Lislet travaille aux Ponts et Chauss\u00e9es comme \u00abpiqueur sur les chemins du gouvernement\u00bb.<br \/>\nLorsqu\u2019en 1771, Commerson d\u00e9cide de visiter le Piton de la Fournaise en compagnie du chevalier de Saint Lubin et M. de Cr\u00e9mont, intendant de l\u2019Ile Bourbon, il para\u00eet tout naturel que ce soit Lislet Geoffroy qui les guide et les accompagne.<\/p>\n<p>En 1780, il est alors nomm\u00e9 dessinateur en g\u00e9nie militaire, il a alors 25 ans.<\/p>\n<p>On lui doit \u00e9galement \u00e0 la m\u00eame \u00e9poque, les premi\u00e8res observations m\u00e9t\u00e9orologiques qu\u2019il tiendra avec r\u00e9gularit\u00e9 durant cinquante ann\u00e9es. Il entreprend une \u00e9tude scientifique sur la r\u00e9sistance et la densit\u00e9 des bois tropicaux, en comparaison des bois europ\u00e9ens.<br \/>\nA chaque fois, il rend compte de ses travaux \u00e0 Paris, tant et si bien que le 23 ao\u00fbt 1786, \u00e2g\u00e9 de 31 ans, il se voit admis comme correspondant officiel de l\u2019Acad\u00e9mie Royale des Sciences, avec pour parrainage, le duc de La Rochefoucauld, cousin du roi.<\/p>\n<p>C\u2019est le premier homme de couleur \u00e0 obtenir pareille distinction. Louis Arago, autre scientifique brillant, prononcera cet \u00e9loge de Lislet Geoffroy :<\/p>\n<p>Au point de vue de la g\u00e9ographie, la dette envers Lislet Geoffroy est \u00e9norme, surtout si l\u2019on consid\u00e8re qu\u2019\u00e0 cette \u00e9poque, la connaissance des c\u00f4tes et des routes maritimes rev\u00eatait une importance cruciale au niveau strat\u00e9gique et colonial. Il sera d\u2019ailleurs inscrit \u00e0 la section de g\u00e9ographie et navigation de l\u2019Institut de France.<\/p>\n<p>Toute sa vie, Lislet dressa des cartes d\u2019une pr\u00e9cision indiscutable, on lui doit la connaissance parfaite des contours de Madagascar, de La R\u00e9union et de Maurice, idem pour les Seychelles ou Rodrigues.<\/p>\n<p>La port\u00e9e de ses travaux fut immense pour l\u2019histoire de la navigation dans l\u2019oc\u00e9an Indien.<br \/>\nEn 1787, il rel\u00e8ve la carte de la baie de Sainte-Luce, en 1793, c\u2019est au tour des \u00eeles Seychelles, en 1797, ce sont celles de La R\u00e9union et de l\u2019Isle de France. Le gouverneur Malartic le nomme m\u00eame officier-adjoint du G\u00e9nie militaire.<\/p>\n<p>A partir du 4 janvier 1816, il sera en charge du d\u00e9p\u00f4t des chartes et journaux de Maurice.<\/p>\n<p>Officier adjoint d\u00e8s 1794, en 1803, le g\u00e9n\u00e9ral Deca\u00ebn, alors commandant des colonies orientales, le promeut au grade de capitaine du G\u00e9nie. C\u2019est dans cet uniforme que Louis-Antoine Roussin en fit le portrait conserv\u00e9 par la Soci\u00e9t\u00e9 Royale des Arts et des Sciences de Maurice.<\/p>\n<p>Sous la colonisation fran\u00e7aise de l\u2019\u00eele, Lislet-Geoffroy n\u2019obtint jamais de poste de premier plan, cela s\u2019av\u00e9rait impossible de par la l\u00e9gislation esclavagiste, raciste et s\u00e9gr\u00e9gationniste du Code Noir, puis du Code Napol\u00e9on. Malgr\u00e9 toute la reconnaissance qu\u2019il lui t\u00e9moigna, le g\u00e9n\u00e9ral Decaen dut lui avouer, se confiant \u00e0 lui, \u00abqu\u2019il ne pouvait l\u2019appeler aux hautes fonctions pour lesquelles son savoir et ses talents le d\u00e9signaient tout naturellement, en raison de sa position sociale.\u00bb<\/p>\n<p>Sir Robert Townsend Farquhar lui offrira ainsi de demeurer \u00e0 Maurice, lui proposant un poste important.<\/p>\n<p>Veuf et avec deux enfants encore en bas \u00e2ge, cela l\u2019int\u00e9ressera d\u2019autant plus que Louis XVIII venait injustement de lui refuser la pension \u00e0 laquelle il avait pourtant droit pour services rendus. Sans fortune personnelle, il demeura donc \u00e0 Maurice en tant qu\u2019ing\u00e9nieur g\u00e9ographe de sa majest\u00e9 britannique, trop content de pouvoir enfin faire valoir ses services \u00e0 leur juste prix.<br \/>\nOn lui doit la fondation, en 1801, de la Soci\u00e9t\u00e9 des sciences et des Arts de l\u2019Isle de France, puis celle de la Soci\u00e9t\u00e9 d\u2019\u00e9mulation en 1805, celle de la Soci\u00e9t\u00e9 d\u2019Histoire naturelle de l\u2019Ile Maurice, en 1829.<\/p>\n<p>C\u2019est dans sa modeste maison de la rue d\u2019Artois qu\u2019il s\u2019\u00e9teint, le 8 f\u00e9vrier 1836, ayant eu le temps de vivre l\u2019abolition de l\u2019esclavage.<\/p>\n<p><strong>Sa vie ma\u00e7onnique<\/strong><br \/>\n\u2022 Initi\u00e9 en 1789 \u00e0 la loge de PORT-LOUIS, Ile MAURICE<\/p>\n<p><a href=\"https:\/\/labienfaisance.re\/?page_id=148\">R<\/a><a href=\"https:\/\/labienfaisance.re\/?page_id=148\">etour<\/a><\/p>\n<\/div>\n","protected":false},"excerpt":{"rendered":"<p>Sa vie profane N\u00e9 le 23 ao\u00fbt 1755 \u00e0 SAINT-PIERRE, Ile de La REUNION D\u00e9c\u00e9d\u00e9 le 8 f\u00e9vrier 1836 \u00e0 PORT-LOUIS, Ile MAURICE \u2022 Cartographe Enfant naturel, comme on disait \u00e0 l\u2019\u00e9poque, non reconnu et sans patronyme, il n\u2019acqu\u00e9rera ce dernier que quarante ann\u00e9es plus tard. Il \u00e9tait l\u00e9galement impossible \u00e0 M. Geoffroy p\u00e8re, d\u2019\u00e9pouser <a href=\"https:\/\/labienfaisance.re\/?page_id=185\" rel=\"nofollow\"><span class=\"sr-only\">En savoir plus surJean-Baptiste LISLET-GEOFFROY<\/span>[&#8230;]<\/a><\/p>\n","protected":false},"author":4,"featured_media":0,"parent":0,"menu_order":0,"comment_status":"closed","ping_status":"closed","template":"template-fullwidth.php","meta":{"footnotes":""},"class_list":["post-185","page","type-page","status-publish","hentry"],"_links":{"self":[{"href":"https:\/\/labienfaisance.re\/index.php?rest_route=\/wp\/v2\/pages\/185","targetHints":{"allow":["GET"]}}],"collection":[{"href":"https:\/\/labienfaisance.re\/index.php?rest_route=\/wp\/v2\/pages"}],"about":[{"href":"https:\/\/labienfaisance.re\/index.php?rest_route=\/wp\/v2\/types\/page"}],"author":[{"embeddable":true,"href":"https:\/\/labienfaisance.re\/index.php?rest_route=\/wp\/v2\/users\/4"}],"replies":[{"embeddable":true,"href":"https:\/\/labienfaisance.re\/index.php?rest_route=%2Fwp%2Fv2%2Fcomments&post=185"}],"version-history":[{"count":3,"href":"https:\/\/labienfaisance.re\/index.php?rest_route=\/wp\/v2\/pages\/185\/revisions"}],"predecessor-version":[{"id":228,"href":"https:\/\/labienfaisance.re\/index.php?rest_route=\/wp\/v2\/pages\/185\/revisions\/228"}],"wp:attachment":[{"href":"https:\/\/labienfaisance.re\/index.php?rest_route=%2Fwp%2Fv2%2Fmedia&parent=185"}],"curies":[{"name":"wp","href":"https:\/\/api.w.org\/{rel}","templated":true}]}}