{"id":182,"date":"2016-11-26T16:44:23","date_gmt":"2016-11-26T12:44:23","guid":{"rendered":"http:\/\/labienfaisance.re\/?page_id=182"},"modified":"2016-11-26T22:00:34","modified_gmt":"2016-11-26T18:00:34","slug":"lucien-gasparin","status":"publish","type":"page","link":"https:\/\/labienfaisance.re\/?page_id=182","title":{"rendered":"Lucien GASPARIN"},"content":{"rendered":"<div class=\"entry-header\">\n<h1 class=\"entry-title\"><a href=\"http:\/\/godf.re\/wp-content\/uploads\/2014\/12\/GASPARIN.png\"><img loading=\"lazy\" decoding=\"async\" class=\"alignnone size-full wp-image-187\" src=\"http:\/\/godf.re\/wp-content\/uploads\/2014\/12\/GASPARIN.png\" sizes=\"auto, (max-width: 283px) 100vw, 283px\" srcset=\"http:\/\/godf.re\/wp-content\/uploads\/2014\/12\/GASPARIN.png 283w, http:\/\/godf.re\/wp-content\/uploads\/2014\/12\/GASPARIN-150x150.png 150w\" alt=\"GASPARIN\" width=\"283\" height=\"283\" \/><\/a><\/h1>\n<\/div>\n<div class=\"entry-content\">\n<p><strong>Sa vie profane<\/strong><br \/>\nN\u00e9 le 18 f\u00e9vrier 1868 \u00e0 SAINT-DENIS, Ile de La REUNION<br \/>\nD\u00e9c\u00e9d\u00e9 le 8 avril 1948 \u00e0 Paris<\/p>\n<p>\u2022 Avocat, D\u00e9put\u00e9 de La REUNION<\/p>\n<p>Licenci\u00e9 en droit, avocat-d\u00e9fenseur \u00e0 Tamatave, publiciste, maire de Saint-Denis, il \u00e9tait \u00e9galement officier d\u2019administration au cadre auxiliaire de l\u2019intendance avec le grade de sous-lieutenant au 3\u00b0 r\u00e9giment territorial d\u2019infanterie depuis le 19 juin 1915 et devait repr\u00e9senter son d\u00e9partement et sa ville \u00e0 la Chambre des d\u00e9put\u00e9s sans interruption pendant plus de trente-cinq ans.<\/p>\n<p>Il fait acte de candidature, pour la premi\u00e8re fois, en 1906, aux \u00e9lections l\u00e9gislatives dans son \u00eele natale o\u00f9 il vient de rentrer apr\u00e8s un an d\u2019absence \u00e0 la suite d\u2019une grave \u00e9preuve de sant\u00e9. Huit fois de suite il sera \u00e9lu d\u00e8s le premier tour de scrutin.<\/p>\n<p>Le 27 mai 1906, il l\u2019emporte par 3.069 voix sur 3.569 votants contre 58 \u00e0 son concurrent.<\/p>\n<p>Le 24 avril 1910, il recueille 7.841 voix contre 5.044 \u00e0 son adversaire, sur 12.352 votants.<\/p>\n<p>Le 26 avril 1914, il est \u00e9lu par 8.309 voix tandis que son adversaire ne compte que 3.742 voix, pour 12.014 votants.<\/p>\n<p>Le 30 novembre 1919, au lendemain de la Grande guerre, le scrutin de liste remplace le scrutin uninominal. Lucien Gasparin se pr\u00e9sente sur une liste radicale socialiste qui ne se voit opposer aucune liste concurrente : il obtient 26.735 suffrages sur 27.576 votants.<\/p>\n<p>Le 11 mai 1924, il est \u00e9lu avec 15.745 voix sur une liste d\u2019union r\u00e9publicaine d\u00e9mocratique et de solidarit\u00e9 cr\u00e9ole ; son adversaire n\u2019obtient que 6.447 suffrages sur la liste r\u00e9publicaine sociale et d\u2019union de tous les Fran\u00e7ais ; le nombre de votants \u00e9tait de 24.521.<\/p>\n<p>1928 voit le retour au scrutin uninominal ; le 22 avril, Lucien Gasparin n\u2019a pas d\u2019adversaire et recueille 3.242 voix sur 3.500 votants.<\/p>\n<p>Le 15 mai 1932, dans les m\u00eames conditions, il obtient 9.645 voix sur 9.658 votants. Pour sa derni\u00e8re confrontation \u00e9lectorale enfin, il laisse 4.060 suffrages \u00e0 son adversaire tandis qu\u2019il en compte lui-m\u00eame 5.565 sur 9.666 votants.<\/p>\n<p>Son origine g\u00e9ographique a marqu\u00e9 l\u2019activit\u00e9 qu\u2019il d\u00e9ploiera \u00e0 la Chambre des d\u00e9put\u00e9s pendant plus de trente ans. Lors de son premier mandat il est nomm\u00e9 membre de la commission du commerce et de l\u2019industrie.<\/p>\n<p>Apr\u00e8s 1910, il est \u00e9lu membre de la commission des affaires ext\u00e9rieures, des protectorats et des colonies et membre de la commission des postes et t\u00e9l\u00e9graphes.<\/p>\n<p>Apr\u00e8s les \u00e9lections de 1914, il est \u00e9lu \u00e0 la commission de la marine marchande dont il restera membre jusqu\u2019\u00e0 la fin de sa carri\u00e8re politique.<\/p>\n<p>De m\u00eame, \u00e0 partir de 1920, il si\u00e9gera sans interruption \u00e0 la commission de l\u2019Alg\u00e9rie, des colonies et des protectorats.<\/p>\n<p>Mise \u00e0 part la p\u00e9riode de 1914-1919, pendant laquelle, sous la pression des \u00e9v\u00e9nements, il d\u00e9pose, entre autres, une proposition de loi relative \u00e0 l\u2019extension en temps de guerre de la loi du 28 juin 1904 (sursis \u00e0 l\u2019ex\u00e9cution de la peine) et prend part notamment \u00e0 la discussion d\u2019interpellation concernant le fonctionnement de la d\u00e9mobilisation, Lucien Gasparin va surtout se consacrer aux questions relatives \u00e0 l\u2019outre-mer.<\/p>\n<p>Lorsqu\u2019il prend part aux discussions budg\u00e9taires, il intervient pour \u00e9voquer les colonies ou les probl\u00e8mes sp\u00e9cifiques des troupes coloniales.<\/p>\n<p>Les rapports qu\u2019il signe concernent le m\u00eame domaine : rapport sur la cr\u00e9ation du personnel des services civils des colonies fran\u00e7aises d\u2019Alg\u00e9rie ; sur le r\u00e9gime forestier de la Martinique et de la Guadeloupe ; sur le projet de loi portant modification de la loi du 1er mars 1918 en ce qui concerne les colonies et les pays de protectorat dans lesquels le cadastre n\u2019existe pas ; il \u00e9tablit aussi un rapport suppl\u00e9mentaire sur le projet de loi autorisant le gouvernement de la R\u00e9union, de la Martinique, de la Guadeloupe et de la Guyane \u00e0 r\u00e9aliser des emprunts pour 359 millions de francs.<\/p>\n<p>A partir de 1932, l\u2019activit\u00e9 de ce d\u00e9fenseur de l\u2019Empire et singuli\u00e8rement des \u00ab \u00celes \u00bb \u2013 qui avait adh\u00e9r\u00e9 dix ans plus t\u00f4t au parti r\u00e9publicain d\u00e9mocratique et social \u2013 se fait moins grande. Pendant son dernier mandat (1936-1942), il ne signe aucun rapport ni aucun avis et n\u2019intervient plus \u00e0 la tribune.<\/p>\n<p>Biographie extraite du dictionnaire des parlementaires fran\u00e7ais de 1940 \u00e0 1958<\/p>\n<p><strong>Sa vie ma\u00e7onnique<\/strong><br \/>\n\u2022 Initi\u00e9 en 1909 \u00e0 la loge \u00ab Conscience et volont\u00e9 \u00bb PARIS<\/p>\n<\/div>\n<p><a href=\"https:\/\/labienfaisance.re\/?page_id=148\">R<\/a><a href=\"https:\/\/labienfaisance.re\/?page_id=148\">etour<\/a><\/p>\n","protected":false},"excerpt":{"rendered":"<p>Sa vie profane N\u00e9 le 18 f\u00e9vrier 1868 \u00e0 SAINT-DENIS, Ile de La REUNION D\u00e9c\u00e9d\u00e9 le 8 avril 1948 \u00e0 Paris \u2022 Avocat, D\u00e9put\u00e9 de La REUNION Licenci\u00e9 en droit, avocat-d\u00e9fenseur \u00e0 Tamatave, publiciste, maire de Saint-Denis, il \u00e9tait \u00e9galement officier d\u2019administration au cadre auxiliaire de l\u2019intendance avec le grade de sous-lieutenant au 3\u00b0 r\u00e9giment <a href=\"https:\/\/labienfaisance.re\/?page_id=182\" rel=\"nofollow\"><span class=\"sr-only\">En savoir plus surLucien GASPARIN<\/span>[&#8230;]<\/a><\/p>\n","protected":false},"author":4,"featured_media":0,"parent":0,"menu_order":0,"comment_status":"closed","ping_status":"closed","template":"template-fullwidth.php","meta":{"footnotes":""},"class_list":["post-182","page","type-page","status-publish","hentry"],"_links":{"self":[{"href":"https:\/\/labienfaisance.re\/index.php?rest_route=\/wp\/v2\/pages\/182","targetHints":{"allow":["GET"]}}],"collection":[{"href":"https:\/\/labienfaisance.re\/index.php?rest_route=\/wp\/v2\/pages"}],"about":[{"href":"https:\/\/labienfaisance.re\/index.php?rest_route=\/wp\/v2\/types\/page"}],"author":[{"embeddable":true,"href":"https:\/\/labienfaisance.re\/index.php?rest_route=\/wp\/v2\/users\/4"}],"replies":[{"embeddable":true,"href":"https:\/\/labienfaisance.re\/index.php?rest_route=%2Fwp%2Fv2%2Fcomments&post=182"}],"version-history":[{"count":2,"href":"https:\/\/labienfaisance.re\/index.php?rest_route=\/wp\/v2\/pages\/182\/revisions"}],"predecessor-version":[{"id":221,"href":"https:\/\/labienfaisance.re\/index.php?rest_route=\/wp\/v2\/pages\/182\/revisions\/221"}],"wp:attachment":[{"href":"https:\/\/labienfaisance.re\/index.php?rest_route=%2Fwp%2Fv2%2Fmedia&parent=182"}],"curies":[{"name":"wp","href":"https:\/\/api.w.org\/{rel}","templated":true}]}}