{"id":179,"date":"2016-11-26T16:42:40","date_gmt":"2016-11-26T12:42:40","guid":{"rendered":"http:\/\/labienfaisance.re\/?page_id=179"},"modified":"2016-11-26T21:55:35","modified_gmt":"2016-11-26T17:55:35","slug":"blaise-diagne","status":"publish","type":"page","link":"https:\/\/labienfaisance.re\/?page_id=179","title":{"rendered":"Blaise DIAGNE"},"content":{"rendered":"<div class=\"entry-header\">\n<h1 class=\"entry-title\"><a href=\"http:\/\/godf.re\/wp-content\/uploads\/2014\/12\/Blaise-Diagne.png\"><img loading=\"lazy\" decoding=\"async\" class=\"alignnone size-full wp-image-200\" src=\"http:\/\/godf.re\/wp-content\/uploads\/2014\/12\/Blaise-Diagne.png\" sizes=\"auto, (max-width: 283px) 100vw, 283px\" srcset=\"http:\/\/godf.re\/wp-content\/uploads\/2014\/12\/Blaise-Diagne.png 283w, http:\/\/godf.re\/wp-content\/uploads\/2014\/12\/Blaise-Diagne-150x150.png 150w\" alt=\"Blaise Diagne\" width=\"283\" height=\"283\" \/><\/a><\/h1>\n<\/div>\n<div class=\"entry-content\">\n<p><strong>Sa vie profane<\/strong><br \/>\nN\u00e9 le 13 octobre 1872 \u00e0 GOREE (SENEGAL)<br \/>\nD\u00e9c\u00e9d\u00e9 le 11 mai 1934 \u00e0 CAMBO-LES-BAINS<\/p>\n<p>\u2022D\u00e9put\u00e9<\/p>\n<p>D\u00e9put\u00e9 du S\u00e9n\u00e9gal de 1914 \u00e0 1934<br \/>\nSous-secr\u00e9taire d\u2019Etat aux Colonies du 26 janvier 1931 au 19 f\u00e9vrier 1932.<\/p>\n<p>Issu d\u2019une modeste famille indig\u00e8ne, Blaise Diagne fit ses \u00e9tudes chez les P\u00e8res et quitta le S\u00e9n\u00e9gal avant sa majorit\u00e9. Il fit carri\u00e8re dans l\u2019administration des douanes, et parvint au grade de contr\u00f4leur hors classe. Il servit au Congo, \u00e0 Madagascar, \u00e0 la R\u00e9union, \u00e0 la Guyane et en m\u00e9tropole.<\/p>\n<p>Il fut membre d\u2019une Commission municipale en Guyane et exer\u00e7a \u00e0 Tamatave les fonctions de juge au Tribunal criminel.<br \/>\nIl fut maire de Dakar jusqu\u2019\u00e0 sa mort.<\/p>\n<p>Il se pr\u00e9senta aux \u00e9lections g\u00e9n\u00e9rales l\u00e9gislatives de 1914. S\u2019adressant \u00e0 la fois aux Europ\u00e9ens et aux indig\u00e8nes, il demanda la cr\u00e9ation \u00e0 Dakar d\u2019un lyc\u00e9e, d\u2019une \u00e9cole normale et d\u2019une \u00e9cole de m\u00e9decine. Il d\u00e9fendit la libert\u00e9 de conscience coranique et r\u00e9clama la cr\u00e9ation de communes de plein exercice.<br \/>\nIl fut \u00e9lu le 10 mai 1914 au second tour de scrutin, par 2.424 voix contre 2.249 \u00e0 Heimburger, sur 5.231 votants. Fran\u00e7ois Carpot, d\u00e9put\u00e9 sortant, n\u2019avait obtenu que 472 voix. Aux \u00e9lections suivantes, il fut constamment r\u00e9\u00e9lu au premier tour.<\/p>\n<p>Apr\u00e8s l\u2019adoption de ce texte, il d\u00e9posa une proposition de loi soumettant \u00e9galement aux obligations militaires les descendants des originaires des communes de plein exercice du S\u00e9n\u00e9gal. Ce texte re\u00e7ut, lui aussi, force de loi (1916).<\/p>\n<p>Il d\u00e9posa, en 1917, une proposition de r\u00e9solution tendant \u00e0 cr\u00e9er une grande Commission permanente des colonies et pays de protectorat. Cette Commission fut cr\u00e9\u00e9e pendant la l\u00e9gislature suivante.<\/p>\n<p>Le 16 janvier 1918, d\u00e9sign\u00e9 par Georges Clemenceau, il prend la t\u00eate d\u2019une mission en Afrique pour le recrutement de soldats indig\u00e8nes, avec le titre de Commissaire de la R\u00e9publique dans l\u2019Ouest africain. Le Gouvernement marquait ainsi sa volont\u00e9 d\u2019intensifier le recrutement en Afrique. Hostile \u00e0 cette politique, soutenue par Diagne, le Gouverneur de l\u2019A.O.F., Van Vollenhoven, demanda \u00e0 \u00eatre relev\u00e9 de ses fonctions. Envoy\u00e9 au front sur sa demande, il y fut tu\u00e9 \u00e0 la t\u00eate de son bataillon.<\/p>\n<p>Le 11 octobre 1918, Blaise Diagne fut nomm\u00e9 par Clemenceau Commissaire g\u00e9n\u00e9ral \u00ab charg\u00e9 du contr\u00f4le des militaires fran\u00e7ais d\u2019origine coloniale et des militaires et travailleurs indig\u00e8nes originaires des possessions africaines d\u00e9pendant du Minist\u00e8re des Colonies \u00bb.<\/p>\n<p>Il retrouva cette fonction en 1920 et 1921 dans les Cabinets Millerand, Leygues et Briand (jusqu\u2019au 2 octobre 1921).<\/p>\n<p>Il se pr\u00e9senta aux \u00e9lections g\u00e9n\u00e9rales l\u00e9gislatives de 1919 comme \u00ab candidat r\u00e9publicain socialiste ind\u00e9pendant \u00bb et fut r\u00e9\u00e9lu le 30 novembre par 7.444 voix contre 1.252 \u00e0 Carpot (candidat d\u00e9mocratique) sur 8.867 votants.<\/p>\n<p>Il fut r\u00e9\u00e9lu le 11 mai 1924 par 6.133 voix contre 1.891 \u00e0 son unique concurrent, Paul Defferre avocat dakarois, p\u00e8re de Gaston Defferre. Il y avait 8.193 votants.<\/p>\n<p>Il fut r\u00e9\u00e9lu le 22 avril 1928 par 5.175 voix contre 4.396 voix \u00e0 Galandou Diouf \u00ab ind\u00e9pendant \u00bb (un de ses anciens lieutenants qui lui succ\u00e9dera en 1934), sur 9.911 votants.<\/p>\n<p>Du 26 janvier 1931 au 19 f\u00e9vrier 1932, il fut sous-secr\u00e9taire d\u2019Etat au Minist\u00e8re des Colonies, au sein de trois cabinets successifs pr\u00e9sid\u00e9s par Laval avec Paul Reynaud comme Ministre des Colonies. Pour la premi\u00e8re fois, un ressortissant d\u2019Afrique noire acc\u00e9dait \u00e0 la fonction minist\u00e9rielle. Il se fit entendre dans la discussion du projet de loi portant fixation du budget g\u00e9n\u00e9ral de l\u2019exercice 1931-1932 et de plusieurs projets de loi concernant le r\u00e9gime douanier colonial.<\/p>\n<p>Il fut r\u00e9\u00e9lu le 1er mai 1932 par 7.250 voix contre 3.875 \u00e0 Galandou Diouf sur 12.031 votants.<\/p>\n<p>Il mourut en court de mandat \u00e0 Cambo-les-Bains (Basses-Pyr\u00e9n\u00e9es) le 11 mai 1934. Il avait alors 61 ans.<\/p>\n<p><strong>Sa vie ma\u00e7onnique<\/strong><br \/>\n\u2022 Initi\u00e9 en 1899 \u00e0 la Loge \u00ab L\u2019Amiti\u00e9 \u00bb, SAINT-DENIS, \u00eele de La REUNION<br \/>\n\u2022 Fr\u00e8re de la Loge \u00ab Pythagore \u00bb, PARIS<br \/>\n\u2022 Fr\u00e8re de la Loge \u00ab La renaissance par les \u00e9mules d-HIRAM \u00bb, PARIS<\/p>\n<\/div>\n<p><a href=\"https:\/\/labienfaisance.re\/?page_id=148\">R<\/a><a href=\"https:\/\/labienfaisance.re\/?page_id=148\">etour<\/a><\/p>\n","protected":false},"excerpt":{"rendered":"<p>Sa vie profane N\u00e9 le 13 octobre 1872 \u00e0 GOREE (SENEGAL) D\u00e9c\u00e9d\u00e9 le 11 mai 1934 \u00e0 CAMBO-LES-BAINS \u2022D\u00e9put\u00e9 D\u00e9put\u00e9 du S\u00e9n\u00e9gal de 1914 \u00e0 1934 Sous-secr\u00e9taire d\u2019Etat aux Colonies du 26 janvier 1931 au 19 f\u00e9vrier 1932. Issu d\u2019une modeste famille indig\u00e8ne, Blaise Diagne fit ses \u00e9tudes chez les P\u00e8res et quitta le S\u00e9n\u00e9gal <a href=\"https:\/\/labienfaisance.re\/?page_id=179\" rel=\"nofollow\"><span class=\"sr-only\">En savoir plus surBlaise DIAGNE<\/span>[&#8230;]<\/a><\/p>\n","protected":false},"author":4,"featured_media":0,"parent":0,"menu_order":0,"comment_status":"closed","ping_status":"closed","template":"template-fullwidth.php","meta":{"footnotes":""},"class_list":["post-179","page","type-page","status-publish","hentry"],"_links":{"self":[{"href":"https:\/\/labienfaisance.re\/index.php?rest_route=\/wp\/v2\/pages\/179","targetHints":{"allow":["GET"]}}],"collection":[{"href":"https:\/\/labienfaisance.re\/index.php?rest_route=\/wp\/v2\/pages"}],"about":[{"href":"https:\/\/labienfaisance.re\/index.php?rest_route=\/wp\/v2\/types\/page"}],"author":[{"embeddable":true,"href":"https:\/\/labienfaisance.re\/index.php?rest_route=\/wp\/v2\/users\/4"}],"replies":[{"embeddable":true,"href":"https:\/\/labienfaisance.re\/index.php?rest_route=%2Fwp%2Fv2%2Fcomments&post=179"}],"version-history":[{"count":3,"href":"https:\/\/labienfaisance.re\/index.php?rest_route=\/wp\/v2\/pages\/179\/revisions"}],"predecessor-version":[{"id":211,"href":"https:\/\/labienfaisance.re\/index.php?rest_route=\/wp\/v2\/pages\/179\/revisions\/211"}],"wp:attachment":[{"href":"https:\/\/labienfaisance.re\/index.php?rest_route=%2Fwp%2Fv2%2Fmedia&parent=179"}],"curies":[{"name":"wp","href":"https:\/\/api.w.org\/{rel}","templated":true}]}}