{"id":177,"date":"2016-11-26T16:40:13","date_gmt":"2016-11-26T12:40:13","guid":{"rendered":"http:\/\/labienfaisance.re\/?page_id=177"},"modified":"2016-11-26T21:55:56","modified_gmt":"2016-11-26T17:55:56","slug":"evariste-de-parny","status":"publish","type":"page","link":"https:\/\/labienfaisance.re\/?page_id=177","title":{"rendered":"Evariste de PARNY"},"content":{"rendered":"<div class=\"entry-header\">\n<h1 class=\"entry-title\"><a href=\"http:\/\/godf.re\/wp-content\/uploads\/2014\/12\/evariste-de-parny.png\"><img loading=\"lazy\" decoding=\"async\" class=\"alignnone size-full wp-image-202\" src=\"http:\/\/godf.re\/wp-content\/uploads\/2014\/12\/evariste-de-parny.png\" sizes=\"auto, (max-width: 283px) 100vw, 283px\" srcset=\"http:\/\/godf.re\/wp-content\/uploads\/2014\/12\/evariste-de-parny.png 283w, http:\/\/godf.re\/wp-content\/uploads\/2014\/12\/evariste-de-parny-150x150.png 150w\" alt=\"evariste de parny\" width=\"283\" height=\"283\" \/><\/a><\/h1>\n<\/div>\n<div class=\"entry-content\">\n<p><strong>Sa vie profane<\/strong><br \/>\nN\u00e9 le 6 f\u00e9vrier 1753 \u00e0 SAINT-PAUL, \u00eele de La REUNION<br \/>\nD\u00e9c\u00e9d\u00e9 le 5 d\u00e9cembre 1814 \u00e0 PARIS<\/p>\n<p>\u2022Po\u00e8te \u00e9l\u00e9giaque<\/p>\n<p>\u00c9variste D\u00e9sir\u00e9 de Forges, chevalier puis vicomte de Parny, est un po\u00e8te fran\u00e7ais n\u00e9 le 6 f\u00e9vrier 1753 \u00e0 Saint-Paul de l\u2019\u00eele Bourbon et mort le 5 d\u00e9cembre 1814 \u00e0 Paris.<br \/>\nN\u00e9 en 1753 \u00e0 L\u2019Hermitage de Saint-Paul, \u00c9variste de Parny est issu d\u2019une famille originaire du Berry, install\u00e9e en 1698 \u00e0 l\u2019\u00eele Bourbon, aujourd\u2019hui La R\u00e9union.<br \/>\nIl quitte son \u00eele natale \u00e0 l\u2019\u00e2ge de neuf ans pour venir en FRANCE.<br \/>\nA 17 ans, il envisage d\u2019embrasser la carri\u00e8re eccl\u00e9siastique, mais finit par choisir la carri\u00e8re militaire.<br \/>\nEn 1773, son p\u00e8re le rappelle \u00e0 l\u2019\u00eele Bourbon, o\u00f9 il revient \u00e2g\u00e9 de vingt ans.<br \/>\nDurant ce s\u00e9jour, il d\u00e9couvre ses dispositions po\u00e9tiques et tombe passionn\u00e9ment amoureux d\u2019une jeune personne, Esther Leli\u00e8vre, que son p\u00e8re l\u2019emp\u00eache d\u2019\u00e9pouser.<br \/>\nS\u2019ennuyant de Paris, il retourne en France m\u00e9tropolitaine en 1775 apr\u00e8s avoir indiqu\u00e9 dans une lettre \u00e0 Bertin qu\u2019il ne saurait se plaire dans un pays o\u00f9 se pratique l\u2019esclavage, contre lequel il s\u2019\u00e9l\u00e8ve.<br \/>\nPeu apr\u00e8s son d\u00e9part, la jeune fille dont il s\u2019est \u00e9pris est mari\u00e9e \u00e0 un m\u00e9decin. Cette histoire inspire au jeune homme les \u00ab Po\u00e9sies \u00e9rotiques \u00bb, publi\u00e9es en 1778, o\u00f9 Esther appara\u00eet sous le nom d\u2019\u00c9l\u00e9onore. Le recueil a d\u2019embl\u00e9e un grand succ\u00e8s et apporte la c\u00e9l\u00e9brit\u00e9 \u00e0 son auteur.<br \/>\nEn 1777, il r\u00e9dige \u00ab l\u2019Epitre aux insurgents de Boston \u00bb pour manifester sa solidarit\u00e9 avec les insurg\u00e9s de la Boston Tea Party, qui r\u00e9clament la libert\u00e9.<br \/>\nLe 6 novembre 1779, Parny est nomm\u00e9 capitaine au r\u00e9giment des dragons de la Reine.<br \/>\nEn 1783, il revient \u00e0 l\u2019\u00eele Bourbon pour r\u00e9gler la succession de son p\u00e8re et voyage \u00e9galement \u00e0 l\u2019\u00eele de France.<br \/>\nEn 1785, il quitte l\u2019\u00eele Bourbon pour Pondich\u00e9ry pour suivre, en qualit\u00e9 d\u2019aide de camp, le gouverneur g\u00e9n\u00e9ral des possessions fran\u00e7aises dans les Indes.<br \/>\nIl ne se plait pas du tout en Inde mais y recueille une part de la mati\u00e8re de ses \u00ab Chansons mad\u00e9casses \u00bb, parmi les premiers po\u00e8mes en prose en langue fran\u00e7aise.<br \/>\nIl ne tarde pas \u00e0 revenir en France pour quitter l\u2019\u00e9tat militaire et s\u2019installer en 1786 dans la maison qu\u2019il poss\u00e8de dans le vallon de Feuillancourt, entre Saint-Germain-en-Laye et Marly-le-Roi, qu\u2019on appelle la Caserne. Avec Bertin et L\u00e9onard, il forme la \u00ab soci\u00e9t\u00e9 de la caserne \u00bb, qui a coutume de s\u2019y r\u00e9unir.<br \/>\nLorsqu\u2019\u00e9clate la R\u00e9volution fran\u00e7aise, Parny, qui ne re\u00e7oit aucune pension du Roi et qui ne s\u2019int\u00e9resse pas particuli\u00e8rement \u00e0 la politique, ne se sent pas v\u00e9ritablement concern\u00e9. Mais il doit solder les dettes laiss\u00e9es par son fr\u00e8re Jean-Baptiste et, en 1795, les remboursements en assignats le ruinent presque compl\u00e8tement.<br \/>\nIl obtient une place dans les bureaux du minist\u00e8re de l\u2019Int\u00e9rieur o\u00f9 il reste treize mois, puis \u00e0 l\u2019administration du Th\u00e9\u00e2tre des Arts. En 1804, le comte Fran\u00e7ais de Nantes le fait entrer dans l\u2019administration des droits r\u00e9unis.<br \/>\nEn 1802, Parny se marie avec Marie-Fran\u00e7oise Vally et, l\u2019ann\u00e9e suivante, il est re\u00e7u \u00e0 l\u2019Acad\u00e9mie fran\u00e7aise, o\u00f9 il occupe le 36e fauteuil.<br \/>\nEn 1813, Napol\u00e9on Ier lui accorde une pension de 3 000 francs, mais celle-ci lui est supprim\u00e9e sous la Restauration en 1814.<br \/>\nIl meurt le 5 d\u00e9cembre 1814.<\/p>\n<p><strong>Sa vie ma\u00e7onnique<\/strong><br \/>\n\u2022Initi\u00e9 en 1778 \u00e0 la Loge \u00ab Les neuf soeurs \u00bb, PARIS<\/p>\n<\/div>\n<p><a href=\"https:\/\/labienfaisance.re\/?page_id=148\">R<\/a><a href=\"https:\/\/labienfaisance.re\/?page_id=148\">etour<\/a><\/p>\n","protected":false},"excerpt":{"rendered":"<p>Sa vie profane N\u00e9 le 6 f\u00e9vrier 1753 \u00e0 SAINT-PAUL, \u00eele de La REUNION D\u00e9c\u00e9d\u00e9 le 5 d\u00e9cembre 1814 \u00e0 PARIS \u2022Po\u00e8te \u00e9l\u00e9giaque \u00c9variste D\u00e9sir\u00e9 de Forges, chevalier puis vicomte de Parny, est un po\u00e8te fran\u00e7ais n\u00e9 le 6 f\u00e9vrier 1753 \u00e0 Saint-Paul de l\u2019\u00eele Bourbon et mort le 5 d\u00e9cembre 1814 \u00e0 Paris. N\u00e9 <a href=\"https:\/\/labienfaisance.re\/?page_id=177\" rel=\"nofollow\"><span class=\"sr-only\">En savoir plus surEvariste de PARNY<\/span>[&#8230;]<\/a><\/p>\n","protected":false},"author":4,"featured_media":0,"parent":0,"menu_order":0,"comment_status":"closed","ping_status":"closed","template":"template-fullwidth.php","meta":{"footnotes":""},"class_list":["post-177","page","type-page","status-publish","hentry"],"_links":{"self":[{"href":"https:\/\/labienfaisance.re\/index.php?rest_route=\/wp\/v2\/pages\/177","targetHints":{"allow":["GET"]}}],"collection":[{"href":"https:\/\/labienfaisance.re\/index.php?rest_route=\/wp\/v2\/pages"}],"about":[{"href":"https:\/\/labienfaisance.re\/index.php?rest_route=\/wp\/v2\/types\/page"}],"author":[{"embeddable":true,"href":"https:\/\/labienfaisance.re\/index.php?rest_route=\/wp\/v2\/users\/4"}],"replies":[{"embeddable":true,"href":"https:\/\/labienfaisance.re\/index.php?rest_route=%2Fwp%2Fv2%2Fcomments&post=177"}],"version-history":[{"count":2,"href":"https:\/\/labienfaisance.re\/index.php?rest_route=\/wp\/v2\/pages\/177\/revisions"}],"predecessor-version":[{"id":212,"href":"https:\/\/labienfaisance.re\/index.php?rest_route=\/wp\/v2\/pages\/177\/revisions\/212"}],"wp:attachment":[{"href":"https:\/\/labienfaisance.re\/index.php?rest_route=%2Fwp%2Fv2%2Fmedia&parent=177"}],"curies":[{"name":"wp","href":"https:\/\/api.w.org\/{rel}","templated":true}]}}