{"id":172,"date":"2016-11-25T18:11:01","date_gmt":"2016-11-25T14:11:01","guid":{"rendered":"http:\/\/labienfaisance.re\/?page_id=172"},"modified":"2016-11-26T21:56:37","modified_gmt":"2016-11-26T17:56:37","slug":"172-2","status":"publish","type":"page","link":"https:\/\/labienfaisance.re\/?page_id=172","title":{"rendered":"Fran\u00e7ois C\u00e9saire DE MAHY"},"content":{"rendered":"<p><a href=\"http:\/\/godf.re\/wp-content\/uploads\/2014\/12\/Fran\u00e7ois_C\u00e9saire_de_Mahy.png\"><img loading=\"lazy\" decoding=\"async\" class=\"alignnone size-full wp-image-186\" src=\"http:\/\/godf.re\/wp-content\/uploads\/2014\/12\/Fran\u00e7ois_C\u00e9saire_de_Mahy.png\" sizes=\"auto, (max-width: 283px) 100vw, 283px\" alt=\"Fran\u00e7ois_C\u00e9saire_de_Mahy\" width=\"283\" height=\"283\" \/><\/a><\/p>\n<div class=\"site\">\n<div id=\"post-293\" class=\"clear post-293 page type-page status-publish hentry\">\n<div class=\"site-main\">\n<div class=\"main-content\">\n<div class=\"content-area\">\n<div class=\"site-content\">\n<article class=\"post-entry\">\n<div class=\"entry-main\">\n<div class=\"entry-header\">\n<p><strong>Sa vie profane<\/strong><br \/>\nN\u00e9 le 22 juillet 1830 \u00e0 SAINT-PIERRE, Ile de La REUNION<br \/>\nD\u00e9c\u00e9d\u00e9 le 19 novembre 1906 \u00e0 Paris<\/p>\n<\/div>\n<\/div>\n<\/article>\n<\/div>\n<\/div>\n<\/div>\n<\/div>\n<\/div>\n<\/div>\n<p>\u2022 M\u00e9decin, D\u00e9put\u00e9 de La REUNION<\/p>\n<p>Fran\u00e7ois C\u00e9saire De MAHY est le fils de Marie Claude Le Coat De Kerv\u00e9guen et de C\u00e9saire De MAHY qui fut maire de Saint-Pierre en 1841. Son grand p\u00e8re un sergent-major est arriv\u00e9 \u00e0 La R\u00e9union en 1792.<\/p>\n<p>Il commence ses \u00e9tudes secondaires au coll\u00e8ge royal de Saint-Denis de La R\u00e9union, et par la suite en m\u00e9tropole au lyc\u00e9e Henri-IV de Paris.<br \/>\nEn 1855, il obtient son doctorat de m\u00e9decine et se marie avec Valentine Ponchaud de Bottens, qui lui donnera deux filles.<br \/>\nC\u2019est en 1857 que le docteur Fran\u00e7ois De MAHY revient \u00e0 la R\u00e9union o\u00f9 il exerce sa profession de m\u00e9decin, jusqu\u2019en 1870.<\/p>\n<p>En 1869, Fran\u00e7ois De MAHY d\u00e9cide de retourner en m\u00e9tropole, mais un cyclone stoppe le navire qui doit l\u2019emmener. Il se lance alors dans la politique locale. Il collabore au journal r\u00e9publicain le Courrier de Saint-Pierre, comme r\u00e9dacteur, il en devint bient\u00f4t le directeur politique et affiche des opinions r\u00e9solument r\u00e9publicaines.<\/p>\n<p>Le 8 novembre 1870, le gouverneur de Lormel promulgue le d\u00e9cret organisant des \u00e9lections \u00e0 l\u2019assembl\u00e9e constituante. La R\u00e9union dispose de deux repr\u00e9sentants et elle est appel\u00e9e \u00e0 les \u00e9lire le 20 novembre 1870 alors qu\u2019en France les autorit\u00e9s ont d\u00e9cid\u00e9 d\u2019ajourner des l\u00e9gislatives pour cause de guerre mais ce qu\u2019ignore le gouverneur !<br \/>\nFran\u00e7ois De MAHY d\u00e9cide de se pr\u00e9senter il est \u00e9lu avec Alexandre de La Serve. I<\/p>\n<p>M. De MAHY n\u2019h\u00e9site pas \u00e0 se rendre en France, il est, d\u00e8s le d\u00e9but, un des membres les plus laborieux de l\u2019Assembl\u00e9e nationale, d\u00e9fendant avec ardeurs, dans la presse et \u00e0 l\u2019assembl\u00e9e, les libert\u00e9s de la France et les int\u00e9r\u00eats des colonies.<\/p>\n<p>Le 13 f\u00e9vrier 1876, Fran\u00e7ois De MAHY d\u00e9put\u00e9 de La R\u00e9union est de retour dans son \u00eele, il est \u00e9tranger \u00e0 sa circonscription depuis cinq ann\u00e9es.<\/p>\n<p>Il quitte La R\u00e9union le 30 avril 1876, pour rejoindre Paris.<br \/>\nArriv\u00e9 \u00e0 la chambre trois mois apr\u00e8s l\u2019ouverture de la session, il ne tarde pas \u00e0 avoir sa place parmi les orateurs les plus \u00e9cout\u00e9s.<\/p>\n<p>Il contribue notamment au vote qui dote l\u2019\u00eele de la R\u00e9union d\u2019un port et d\u2019un chemin de fer.<\/p>\n<p>Il est secr\u00e9taire, puis vice-pr\u00e9sident de l\u2019Union r\u00e9publicaine. Il remplit ces derni\u00e8res fonctions au moment de la discussion des lois constitutionnelles, et prend part aux n\u00e9gociations qui aboutirent \u00e0 la fondation de la R\u00e9publique.<\/p>\n<p>Le 18 novembre 1877, La R\u00e9union r\u00e9\u00e9lit avec une immense majorit\u00e9 Fran\u00e7ois De MAHY.<\/p>\n<p>Le Pr\u00e9sident R\u00e9publique l\u2019appelle \u00e0 faire partie du minist\u00e8re de M. de Freycinet, le 31 janvier 1882, comme ministre de l\u2019agriculture.<br \/>\nIl est maintenu a ce poste dans le cabinet pr\u00e9sid\u00e9 par M. Duclerc, puis dans le cabinet pr\u00e9sid\u00e9 par M. Fali\u00e8res, o\u00f9 l\u2019int\u00e9rim du minist\u00e8re de la marine et des colonies lui est confi\u00e9 en 1887.<\/p>\n<p>Le 25 septembre 1881, quoiqu\u2019il n\u2019ait pu, se rendre dans la colonie, il est r\u00e9\u00e9lu d\u00e9put\u00e9.<\/p>\n<p>Il est r\u00e9\u00e9lu D\u00e9put\u00e9 de La REUNION en 1885, 1889, 1893, 1898, 1902 et 1906.<\/p>\n<p>Entre octobre et novembre 1885, Fran\u00e7ois De MAHY qui souhaite consolider le dossier de la conqu\u00eate fran\u00e7aise effectue un voyage \u00e0 Madagascar.<br \/>\nLors de ce voyage, la France qui est en guerre contre le gouvernement Hova de Madagscar n\u2019a conquis qu\u2019une bande de terre, le littoral et quelques ports, positions conquises par l\u2019Amiral Pierre entre mai 1883 et 1885.<br \/>\nCe long conflit aboutit au trait\u00e9 de protectorat le 17 d\u00e9cembre 1885. Ce trait\u00e9 avec Tananarive met fin \u00e0 la premi\u00e8re guerre franco-malgache, d\u00e9clench\u00e9e par De MAHY lui-m\u00eame alors qui assurait en 1883 l\u2019int\u00e9rim du minist\u00e8re de la Marine.<\/p>\n<p>En 1888, Fran\u00e7ois De MAHY est le cr\u00e9ateur de l\u2019arm\u00e9e coloniale, de l\u2019\u00e9tat-major g\u00e9n\u00e9ral de l\u2019arm\u00e9e.<\/p>\n<p>Vice pr\u00e9sident de la chambre des d\u00e9put\u00e9s lors de l\u2019assassinat du Pr\u00e9sident Carnot, c\u2019est lui qui prononce l\u2019\u00e9loge fun\u00e8bre au Panth\u00e9on.<\/p>\n<p>Il a \u00e9crit aussi un grand nombre d\u2019articles sur les questions politiques du jour.<\/p>\n<p>Son oeuvre la plus remarquable a \u00e9t\u00e9 l\u2019\u00e9tude qu\u2019il a publi\u00e9e en 1875 dans le premier num\u00e9ro de la r\u00e9forme \u00e9conomique, sur la d\u00e9putation coloniale.<\/p>\n<p>Surnomm\u00e9 \u00a0\u00bb le Grand Cr\u00e9ole \u00ab\u00a0, De MAHY fut, pendant 36 ans, le principal repr\u00e9sentant de la R\u00e9union \u00e0 Paris. Il mourut \u00e0 Paris en 1906.<\/p>\n<p>Une statue en fonte situ\u00e9e sur la place de l\u2019H\u00f4tel de ville de Saint-Pierre rend hommage au \u00ab Grand Cr\u00e9ole \u00bb. Elle a \u00e9t\u00e9 inaugur\u00e9e le 22 juillet 1934 \u00e0 l\u2019occasion du 104\u00e8me anniversaire de sa naissance en pr\u00e9sence des membres de l\u2019Acad\u00e9mie de la R\u00e9union.<\/p>\n<p><strong>Sa vie ma\u00e7onnique<\/strong><br \/>\n\u2022 Initi\u00e9 \u00e0 la loge L\u2019amiti\u00e9s \u00bb, SAINT-DENIS de La REUNION<br \/>\n\u2022 Fr\u00e8re de la loge \u00ab La cl\u00e9mente amiti\u00e9 \u00bb, PARIS<\/p>\n<p><a href=\"https:\/\/labienfaisance.re\/?page_id=148\">R<\/a><a href=\"https:\/\/labienfaisance.re\/?page_id=148\">etour<\/a><\/p>\n","protected":false},"excerpt":{"rendered":"<p>Sa vie profane N\u00e9 le 22 juillet 1830 \u00e0 SAINT-PIERRE, Ile de La REUNION D\u00e9c\u00e9d\u00e9 le 19 novembre 1906 \u00e0 Paris \u2022 M\u00e9decin, D\u00e9put\u00e9 de La REUNION Fran\u00e7ois C\u00e9saire De MAHY est le fils de Marie Claude Le Coat De Kerv\u00e9guen et de C\u00e9saire De MAHY qui fut maire de Saint-Pierre en 1841. Son grand <a href=\"https:\/\/labienfaisance.re\/?page_id=172\" rel=\"nofollow\"><span class=\"sr-only\">En savoir plus surFran\u00e7ois C\u00e9saire DE MAHY<\/span>[&#8230;]<\/a><\/p>\n","protected":false},"author":4,"featured_media":0,"parent":0,"menu_order":0,"comment_status":"closed","ping_status":"closed","template":"template-fullwidth.php","meta":{"footnotes":""},"class_list":["post-172","page","type-page","status-publish","hentry"],"_links":{"self":[{"href":"https:\/\/labienfaisance.re\/index.php?rest_route=\/wp\/v2\/pages\/172","targetHints":{"allow":["GET"]}}],"collection":[{"href":"https:\/\/labienfaisance.re\/index.php?rest_route=\/wp\/v2\/pages"}],"about":[{"href":"https:\/\/labienfaisance.re\/index.php?rest_route=\/wp\/v2\/types\/page"}],"author":[{"embeddable":true,"href":"https:\/\/labienfaisance.re\/index.php?rest_route=\/wp\/v2\/users\/4"}],"replies":[{"embeddable":true,"href":"https:\/\/labienfaisance.re\/index.php?rest_route=%2Fwp%2Fv2%2Fcomments&post=172"}],"version-history":[{"count":4,"href":"https:\/\/labienfaisance.re\/index.php?rest_route=\/wp\/v2\/pages\/172\/revisions"}],"predecessor-version":[{"id":227,"href":"https:\/\/labienfaisance.re\/index.php?rest_route=\/wp\/v2\/pages\/172\/revisions\/227"}],"wp:attachment":[{"href":"https:\/\/labienfaisance.re\/index.php?rest_route=%2Fwp%2Fv2%2Fmedia&parent=172"}],"curies":[{"name":"wp","href":"https:\/\/api.w.org\/{rel}","templated":true}]}}