{"id":167,"date":"2016-11-25T16:53:49","date_gmt":"2016-11-25T12:53:49","guid":{"rendered":"http:\/\/labienfaisance.re\/?page_id=167"},"modified":"2016-11-26T18:08:53","modified_gmt":"2016-11-26T14:08:53","slug":"167-2","status":"publish","type":"page","link":"https:\/\/labienfaisance.re\/?page_id=167","title":{"rendered":"Louis BRUNET"},"content":{"rendered":"<p><a href=\"http:\/\/godf.re\/wp-content\/uploads\/2014\/12\/BRUNET-Louis.png\"><img loading=\"lazy\" decoding=\"async\" class=\"alignnone size-full wp-image-185\" src=\"http:\/\/godf.re\/wp-content\/uploads\/2014\/12\/BRUNET-Louis.png\" sizes=\"auto, (max-width: 283px) 100vw, 283px\" alt=\"BRUNET Louis\" width=\"283\" height=\"283\" \/><\/a><\/p>\n<div class=\"site\">\n<div id=\"post-270\" class=\"clear post-270 page type-page status-publish hentry\">\n<div class=\"site-main\">\n<div class=\"main-content\">\n<div class=\"content-area\">\n<div class=\"site-content\">\n<article class=\"post-entry\">\n<div class=\"entry-main\">\n<div class=\"entry-content\">\n<p><strong>Sa vie profane<\/strong><br \/>\nN\u00e9 le 23 juillet 1847 \u00e0 SAINT-DENIS de La REUNION.<br \/>\nD\u00e9c\u00e9d\u00e9 le 26 d\u00e9cembre 1905 \u00e0 PARIS.<\/p>\n<p>\u2022 Maire de SAINT-BENOIT (La REUNION)<br \/>\n\u2022 D\u00e9put\u00e9 de La REUNION de 1893 \u00e0 1905<br \/>\n\u2022 S\u00e9nateur en 1905<br \/>\n\u2022 Pr\u00e9sident du Conseil g\u00e9n\u00e9ral de La REUNION de 1887 \u00e0 1888.<\/p>\n<p>Fils de Charles Brunet qui fut conseiller g\u00e9n\u00e9ral de la R\u00e9union, neveu de-Sully Brunet qui repr\u00e9senta la R\u00e9union \u00e0 l\u2019Assembl\u00e9e l\u00e9gislative de 1830, Louis Brunet fit ses \u00e9tudes classiques dans son \u00eele natale.<br \/>\nEngag\u00e9 volontaire d\u00e8s le d\u00e9but de la guerre de 1870, comme simple soldat, il fit toute la campagne et la termina comme sous-officier.<br \/>\nApr\u00e8s la d\u00e9faite il regagna la R\u00e9union, o\u00f9 il se m\u00eala au mouvement politique de l\u2019\u00e9poque et fonda divers journaux r\u00e9publicains. Sa collaboration au Ralliement, aux Communes, \u00e0 la Revue bourbonnaise lui valut une brillante r\u00e9putation de pol\u00e9miste.<br \/>\nD\u00e8s que les \u00e9lections municipales furent r\u00e9tablies, il fut \u00e9lu maire de Saint-Beno\u00eet, importante commune r\u00e9unionnaise dont il devint, plus tard maire honoraire. Il acc\u00e9da en m\u00eame temps au conseil g\u00e9n\u00e9ral et pr\u00e9sida l\u2019assembl\u00e9e d\u00e9partementale de 1887 \u00e0 1888. En cette qualit\u00e9, il pr\u00e9conisa la cr\u00e9ation d\u2019usines coop\u00e9ratives pour les planteurs.<br \/>\nLe prestige dont il jouissait dans son \u00eele, l\u2019amena \u00e0 se pr\u00e9senter aux \u00e9lections l\u00e9gislatives du 3 septembre 1893 dans la 1re circonscription de la R\u00e9union. Il fut \u00e9lu au premier tour de scrutin par 4.976 voix contre 3.172 \u00e0 M. Edouard Le Roy, d\u00e9put\u00e9 sortant.<br \/>\nInscrit au groupe r\u00e9publicain, il appartint \u00e0 diverses commissions sp\u00e9ciales, dont la Commission charg\u00e9e de l\u2019examen des projets de loi relatifs aux colonies. Il se montra particuli\u00e8rement, il pr\u00e9conisa la cr\u00e9ation d\u2019un Minist\u00e8re des colonies (1894); r\u00e9clama la r\u00e9forme du r\u00e9gime colonial (1895), et prit une part importante \u00e0 la discussion du budget des colonies des exercices 1895, 1896, 1897 et 1898. Il d\u00e9posait dans le m\u00eame temps un projet de r\u00e9solution tendant \u00e0 la r\u00e9vision des lois constitutionnelles (1896), et cette m\u00eame ann\u00e9e, une proposition d\u2019organisation de Madagascar en supprimant l\u2019h\u00e9g\u00e9monie hova et en confiant l\u2019administration de chacune des autres peuplades \u00e0 un R\u00e9sident particulier.<br \/>\nR\u00e9\u00e9lu aux \u00e9lections g\u00e9n\u00e9rales du 8 mai 1898, au premier tour de scrutin, par 5.464 voix contre 3.923 \u00e0 M. Georges Garros, Il s\u2019inscrivit au groupe R\u00e9publicain radical progressiste et entra \u00e0 la Commission des colonies et \u00e0 la Commission du commerce et de l\u2019industrie. Comme sous la pr\u00e9c\u00e9dente l\u00e9gislature, il participa \u00e0 la discussion du budget des .colonies de chaque exercice, se pr\u00e9occupant tout sp\u00e9cialement de celui de la R\u00e9union. Il s\u2019int\u00e9ressa en outre \u00e0 la d\u00e9fense g\u00e9n\u00e9rale des colonies (1900), et interpella le Gouvernement sur la situation des agents du commissariat et du service de sant\u00e9 des troupes coloniales (1902), tandis qu\u2019il proposait, la cr\u00e9ation de ports francs (1902) et l\u2019abolition de la peine de mort (1902).<br \/>\nIl retrouva son si\u00e8ge aux \u00e9lections g\u00e9n\u00e9rales du 27 avril 1902, au premier tour de scrutin, sans concurrent par 5.838 voix. Il s\u2019inscrivit au groupe radical-socialiste et entra \u00e0 la Commission de comptabilit\u00e9, \u00e0 celle du suffrage universel, \u00e0 celle des douanes et \u00e0 celle des affaires ext\u00e9rieures, des colonies et des protectorats, dont il devint vice-pr\u00e9sident.<br \/>\nToujours assidu aux discussions budg\u00e9taires, il s\u2019int\u00e9ressa au service militaire de deux ans lors du vote de la loi sur le recrutement de l\u2019arm\u00e9e (1904).<br \/>\nIl demande, par voie de proposition de loi ou de r\u00e9solution, l\u2019organisation publique et administrative des colonies de la R\u00e9union, de la Guadeloupe, de la Martinique et de la Guyane, (1902) et l\u2019\u00e9tablissement de tribunaux de commerce dans les colonies (1904).<br \/>\nAuteur cette m\u00eame ann\u00e9e, d\u2019une proposition de loi relative \u00e0 la Haute Cour nationale de justice, tendant \u00e0 revenir aux principes \u00e9dict\u00e9s par l\u2019Assembl\u00e9e constituante de 1891 : \u00e9lection, tirage au sort, droit de r\u00e9cusation, il pr\u00e9senta dans son expos\u00e9 des motifs, d\u2019apr\u00e8s des documents in\u00e9dits, un magistral historique des causes soumises \u00e0 cette juridiction depuis sa fondation, qui constitue une oeuvre \u00e0 la fois politique, juridique et litt\u00e9raire.<br \/>\nIl se pr\u00e9senta avec succ\u00e8s au S\u00e9nat, \u00e0 l\u2019\u00e9lection partielle qui eut lieu le 8 janvier 1905, pour pourvoir au remplacement de M. Th\u00e9odore Drouhet, d\u00e9c\u00e9d\u00e9 le 18 octobre 1904.<br \/>\nMembre du groupe radical-socialiste, il entra \u00e0 la Commission des affaires ext\u00e9rieures et des protectorats, dont il devint le premier vice-pr\u00e9sident. Mais il ne put donner sa mesure \u00e0 la Haute-Assembl\u00e9e. La mort l\u2019emporta brutalement, \u00e0 Paris, le 26 d\u00e9cembre 1905, alors qu\u2019il n\u2019avait que 58 ans.<br \/>\nEcrivain de talent, Louis Brunet a laiss\u00e9 un grand nombre d\u2019ouvrages : Rifaud de Montaudevert, sc\u00e8nes de la r\u00e9volution ; L\u2019abb\u00e9 Dermont, \u00e9pisode de la commune ; A outrance, recueil de vers sur la guerre de 1870-1871 ; Gambetta (1870-1871); L\u2019histoire de l\u2019Association des francs-cr\u00e9oles de l\u2019Ile Bourbon ; La France \u00e0 Madagascar, \u00e9tude historique et politique; Fran\u00e7ais toujours, de Marseille \u00e0 Tamatave ; Fille de France ; L\u2019oeuvre de la France \u00e0 Madagascar (en deux volumes) ; etc. Il \u00e9crivit \u00e9galement de nombreux articles dans Le Matin, L\u2019Eclaireur, La France, Le Rappel, Le Voltaire, Le National, La France de Bordeaux, Le Petit Marseillais, La D\u00e9p\u00eache de Toulouse, etc.<br \/>\n(Extrait du \u00ab Dictionnaire des Parlementaires fran\u00e7ais \u00bb, Jean Jolly (1960\/1977))<\/p>\n<p><strong>Sa vie ma\u00e7onnique<\/strong><br \/>\n\u2022 Initi\u00e9 \u00e0 la Loge \u00ab L\u2019amiti\u00e9 \u00bb, Ile de LA REUNION.<\/p>\n<\/div>\n<p><a href=\"https:\/\/labienfaisance.re\/?page_id=148\">R<\/a><a href=\"https:\/\/labienfaisance.re\/?page_id=148\">etour<\/a><\/p>\n<\/div>\n<\/article>\n<\/div>\n<\/div>\n<\/div>\n<\/div>\n<\/div>\n<\/div>\n","protected":false},"excerpt":{"rendered":"<p>Sa vie profane N\u00e9 le 23 juillet 1847 \u00e0 SAINT-DENIS de La REUNION. D\u00e9c\u00e9d\u00e9 le 26 d\u00e9cembre 1905 \u00e0 PARIS. \u2022 Maire de SAINT-BENOIT (La REUNION) \u2022 D\u00e9put\u00e9 de La REUNION de 1893 \u00e0 1905 \u2022 S\u00e9nateur en 1905 \u2022 Pr\u00e9sident du Conseil g\u00e9n\u00e9ral de La REUNION de 1887 \u00e0 1888. Fils de Charles Brunet <a href=\"https:\/\/labienfaisance.re\/?page_id=167\" rel=\"nofollow\"><span class=\"sr-only\">En savoir plus surLouis BRUNET<\/span>[&#8230;]<\/a><\/p>\n","protected":false},"author":4,"featured_media":0,"parent":0,"menu_order":0,"comment_status":"closed","ping_status":"closed","template":"template-fullwidth.php","meta":{"footnotes":""},"class_list":["post-167","page","type-page","status-publish","hentry"],"_links":{"self":[{"href":"https:\/\/labienfaisance.re\/index.php?rest_route=\/wp\/v2\/pages\/167","targetHints":{"allow":["GET"]}}],"collection":[{"href":"https:\/\/labienfaisance.re\/index.php?rest_route=\/wp\/v2\/pages"}],"about":[{"href":"https:\/\/labienfaisance.re\/index.php?rest_route=\/wp\/v2\/types\/page"}],"author":[{"embeddable":true,"href":"https:\/\/labienfaisance.re\/index.php?rest_route=\/wp\/v2\/users\/4"}],"replies":[{"embeddable":true,"href":"https:\/\/labienfaisance.re\/index.php?rest_route=%2Fwp%2Fv2%2Fcomments&post=167"}],"version-history":[{"count":5,"href":"https:\/\/labienfaisance.re\/index.php?rest_route=\/wp\/v2\/pages\/167\/revisions"}],"predecessor-version":[{"id":223,"href":"https:\/\/labienfaisance.re\/index.php?rest_route=\/wp\/v2\/pages\/167\/revisions\/223"}],"wp:attachment":[{"href":"https:\/\/labienfaisance.re\/index.php?rest_route=%2Fwp%2Fv2%2Fmedia&parent=167"}],"curies":[{"name":"wp","href":"https:\/\/api.w.org\/{rel}","templated":true}]}}