{"id":162,"date":"2016-11-25T16:50:26","date_gmt":"2016-11-25T12:50:26","guid":{"rendered":"http:\/\/labienfaisance.re\/?page_id=162"},"modified":"2016-11-26T18:12:31","modified_gmt":"2016-11-26T14:12:31","slug":"162-2","status":"publish","type":"page","link":"https:\/\/labienfaisance.re\/?page_id=162","title":{"rendered":"Auguste BRUNET"},"content":{"rendered":"<p><a href=\"http:\/\/godf.re\/wp-content\/uploads\/2014\/12\/BRUNET-Auguste-Charles-D\u00e9sir\u00e9.png\"><img loading=\"lazy\" decoding=\"async\" class=\"alignnone size-full wp-image-184\" src=\"http:\/\/godf.re\/wp-content\/uploads\/2014\/12\/BRUNET-Auguste-Charles-D\u00e9sir\u00e9.png\" sizes=\"auto, (max-width: 283px) 100vw, 283px\" alt=\"BRUNET Auguste Charles D\u00e9sir\u00e9\" width=\"283\" height=\"283\" \/><\/a><\/p>\n<div class=\"site\">\n<div id=\"post-262\" class=\"clear post-262 page type-page status-publish hentry\">\n<div class=\"site-main\">\n<div class=\"main-content\">\n<div class=\"content-area\">\n<div class=\"site-content\">\n<article class=\"post-entry\">\n<div class=\"entry-main\">\n<div class=\"entry-content\">\n<p><strong>Sa vie profane<\/strong><br \/>\nN\u00e9 en 4 janvier 1878 \u00e0 SAINT-BENOIT, Ile de La REUNION<br \/>\nD\u00e9c\u00e9d\u00e9 le 7 octobre 1955 \u00e0 TOULON<\/p>\n<p>\u2022Gouverneur g\u00e9n\u00e9ral<\/p>\n<p>Auguste Charles D\u00e9sir\u00e9 Emmanuel Brunet est n\u00e9 \u00e0 Saint-Beno\u00eet, \u00eele de La R\u00e9union, le 4 janvier 1878, il est le fils de Louis Brunet, maire de Saint-Beno\u00eet, journaliste, d\u00e9put\u00e9 et s\u00e9nateur de La R\u00e9union.<br \/>\nC\u2019est dans le coll\u00e8ge de Saint-Beno\u00eet qu\u2019il fit ses premi\u00e8res \u00e9tudes jusqu\u2019\u00e0 la quatri\u00e8me. \u00c9l\u00e8ve tr\u00e8s dou\u00e9, il remportait chaque ann\u00e9e tous les premiers prix.<br \/>\nEn 1891, il entre au Lyc\u00e9e Leconte de Lisle.<br \/>\nLe 27 novembre 1894, Auguste Brunet entre \u00e0 l\u2019Universit\u00e9 de Paris. Il obtient sa licence en droit, puis son doctorat.<br \/>\nEn 1897 il est avocat stagiaire \u00e0 la Cour d\u2019appel de Paris.<br \/>\nAttach\u00e9 au Cabinet du ministre de l\u2019Instruction publique, il est nomm\u00e9 commissaire-adjoint \u00e0 la section coloniale de l\u2019Exposition Universelle de 1900 et secr\u00e9taire de la Commission charg\u00e9e de pr\u00e9parer la participation du minist\u00e8re des Colonies aux missions et explorations.<br \/>\nEn 1906, Auguste Brunet est battu aux \u00e9lections l\u00e9gislatives contre Fran\u00e7ois de Mahy.<br \/>\nIl retourne donc en France et demande un poste de Secr\u00e9taire G\u00e9n\u00e9ral quelque part dans l\u2019Empire fran\u00e7ais.<br \/>\nLe 9 juin 1907, le Gouverneur g\u00e9n\u00e9ral Roume de l\u2019AOF accepte de le prendre comme Secr\u00e9taire g\u00e9n\u00e9ral hors cadre.<br \/>\nLe 30 ao\u00fbt de la m\u00eame ann\u00e9e, il est transf\u00e9r\u00e9 au Dahomey dont il devient le Secr\u00e9taire g\u00e9n\u00e9ral.<br \/>\nLe 8 ao\u00fbt 1909, il est nomm\u00e9 Secr\u00e9taire g\u00e9n\u00e9ral du gouvernement de la Nouvelle-Cal\u00e9donie. Puis, il est Gouverneur int\u00e9rimaire de la Nouvelle-Cal\u00e9donie et d\u00e9pendances.<br \/>\nQuelques ann\u00e9es plus tard, Auguste Brunet est nomm\u00e9 gouverneur de la Nouvelle Cal\u00e9donie, ce qui le fait devenir simultan\u00e9ment Commissaire G\u00e9n\u00e9ral dans le Pacifique et Haut -Commissaire de la France dans l\u2019archipel des Nouvelles H\u00e9brides.<\/p>\n<p><strong>Sa vie ma\u00e7onnique<\/strong><br \/>\n\u2022Initi\u00e9 en 1922 \u00e0 la Loge \u00ab PYTHAGORE \u00bb, PARIS<\/p>\n<p><a href=\"https:\/\/labienfaisance.re\/?page_id=148\">R<\/a><a href=\"https:\/\/labienfaisance.re\/?page_id=148\">etour<\/a><\/p>\n<\/div>\n<\/div>\n<\/article>\n<\/div>\n<\/div>\n<\/div>\n<\/div>\n<\/div>\n<\/div>\n<p>&nbsp;<\/p>\n<p>&nbsp;<\/p>\n","protected":false},"excerpt":{"rendered":"<p>Sa vie profane N\u00e9 en 4 janvier 1878 \u00e0 SAINT-BENOIT, Ile de La REUNION D\u00e9c\u00e9d\u00e9 le 7 octobre 1955 \u00e0 TOULON \u2022Gouverneur g\u00e9n\u00e9ral Auguste Charles D\u00e9sir\u00e9 Emmanuel Brunet est n\u00e9 \u00e0 Saint-Beno\u00eet, \u00eele de La R\u00e9union, le 4 janvier 1878, il est le fils de Louis Brunet, maire de Saint-Beno\u00eet, journaliste, d\u00e9put\u00e9 et s\u00e9nateur de <a href=\"https:\/\/labienfaisance.re\/?page_id=162\" rel=\"nofollow\"><span class=\"sr-only\">En savoir plus surAuguste BRUNET<\/span>[&#8230;]<\/a><\/p>\n","protected":false},"author":4,"featured_media":0,"parent":0,"menu_order":0,"comment_status":"closed","ping_status":"closed","template":"template-fullwidth.php","meta":{"footnotes":""},"class_list":["post-162","page","type-page","status-publish","hentry"],"_links":{"self":[{"href":"https:\/\/labienfaisance.re\/index.php?rest_route=\/wp\/v2\/pages\/162","targetHints":{"allow":["GET"]}}],"collection":[{"href":"https:\/\/labienfaisance.re\/index.php?rest_route=\/wp\/v2\/pages"}],"about":[{"href":"https:\/\/labienfaisance.re\/index.php?rest_route=\/wp\/v2\/types\/page"}],"author":[{"embeddable":true,"href":"https:\/\/labienfaisance.re\/index.php?rest_route=\/wp\/v2\/users\/4"}],"replies":[{"embeddable":true,"href":"https:\/\/labienfaisance.re\/index.php?rest_route=%2Fwp%2Fv2%2Fcomments&post=162"}],"version-history":[{"count":4,"href":"https:\/\/labienfaisance.re\/index.php?rest_route=\/wp\/v2\/pages\/162\/revisions"}],"predecessor-version":[{"id":226,"href":"https:\/\/labienfaisance.re\/index.php?rest_route=\/wp\/v2\/pages\/162\/revisions\/226"}],"wp:attachment":[{"href":"https:\/\/labienfaisance.re\/index.php?rest_route=%2Fwp%2Fv2%2Fmedia&parent=162"}],"curies":[{"name":"wp","href":"https:\/\/api.w.org\/{rel}","templated":true}]}}