{"id":158,"date":"2016-11-25T16:47:54","date_gmt":"2016-11-25T12:47:54","guid":{"rendered":"http:\/\/labienfaisance.re\/?page_id=158"},"modified":"2016-11-26T18:09:33","modified_gmt":"2016-11-26T14:09:33","slug":"158-2","status":"publish","type":"page","link":"https:\/\/labienfaisance.re\/?page_id=158","title":{"rendered":"Pierre de Riel BEURNONVILLE"},"content":{"rendered":"<p><a href=\"http:\/\/godf.re\/wp-content\/uploads\/2014\/12\/BEURNONVILLE-Pierre-de-Riel.png\"><img loading=\"lazy\" decoding=\"async\" class=\"alignnone size-full wp-image-183\" src=\"http:\/\/godf.re\/wp-content\/uploads\/2014\/12\/BEURNONVILLE-Pierre-de-Riel.png\" sizes=\"auto, (max-width: 283px) 100vw, 283px\" alt=\"BEURNONVILLE Pierre de Riel\" width=\"283\" height=\"283\" \/><\/a><\/p>\n<div class=\"site\">\n<div id=\"post-280\" class=\"clear post-280 page type-page status-publish hentry\">\n<div class=\"site-main\">\n<div class=\"main-content\">\n<div class=\"content-area\">\n<div class=\"site-content\">\n<article class=\"post-entry\">\n<div class=\"entry-main\">\n<div class=\"entry-content\">\n<p><strong>Sa vie profane<\/strong><br \/>\nN\u00e9 le 10 mars 1762 \u00e0 CHAMPIGNOLLES<br \/>\nD\u00e9c\u00e9d\u00e9 le 23 avril 1821<\/p>\n<p>\u2022 Mar\u00e9chal de FRANCE<\/p>\n<p>Pair, mar\u00e9chal de FRANCE, Pierre Riel de Beurnonville est destin\u00e9 par ses parents \u00e0 l\u2019\u00e9tat eccl\u00e9siastique, mais, entra\u00een\u00e9 par son go\u00fbt pour l\u2019\u00e9tat militaire , il fut admis \u00e0 14 ans dans la gendarmerie de Lun\u00e9ville.<br \/>\nSous-lieutenant en 1777 dans le r\u00e9giment colonial de l\u2019Ile-de-France, il se signala dans les trois campagnes de l\u2019Inde, sous les ordres du Bailly de Suffren.<br \/>\nCommandant des milices de l\u2019\u00eele Bourbon en 1789, il fut destitu\u00e9 par le gouvernement, il se plaignit au ministre, et obtint pour tout d\u00e9dommagement la croix de Saint-Louis.<br \/>\nAide-de-camp du mar\u00e9chal Luckner en 1792, il passa mar\u00e9chal-de-camp dans la m\u00eame ann\u00e9e. Charg\u00e9 de la d\u00e9fense du camp de Maulde, il r\u00e9sista pendant plusieurs mois \u00e0 des forces sup\u00e9rieures et fit, \u00e0 cette occasion, que Dumouriez le surnomma, \u00e0 cause de sa haute stature et de son courage imp\u00e9tueux, \u00ab\u00a0l\u2019Ajax fran\u00e7ais\u00a0\u00bb.<br \/>\nBeurnonville prit part aux journ\u00e9es de Valmy et de Jemmapes.<br \/>\nCharg\u00e9 de conqu\u00e9rir le Luxembourg, il n\u2019op\u00e9ra pas cette conqu\u00eate sans faire quelques pertes qu\u2019il dissimulait dans ses rapports. Il ne craignit pas de dire dans l\u2019un d\u2019eux que l\u2019ennemi avait perdu beaucoup de monde, mais que les Fran\u00e7ais en avaient \u00e9t\u00e9 quittes pour le petit doigt d\u2019un chasseur.<br \/>\nEn f\u00e9vrier 1793, Beurnonville fut nomm\u00e9 ministre de la guerre, en remplacement de Pache.<br \/>\nAdjoint aux commissaires charg\u00e9s d\u2019aller arr\u00eater Dumouriez dans son camp, Dumouriez donna ordre d\u2019arr\u00eater ces commissaires eux-m\u00eames et voulait en excepter Beurnonville qui lui dit tout bas :\u00a0\u00bb Vous me perdez !\u00a0\u00bb Dumouriez le comprit et le fit arr\u00eater comme les autres. Livr\u00e9 aux Autrichiens, il fut incarc\u00e9r\u00e9 dans diverses forteresses pendant trente-sept mois.<br \/>\n\u00c9chang\u00e9 en novembre 1795 avec les autres contre la fille de Louis XVI, il fut charg\u00e9 du commandement de l\u2019arm\u00e9e de Sambre-et-Meuse qu\u2019il ne conserva que quelques mois.<br \/>\nEn 1797, il fut sur le point d\u2019\u00eatre nomm\u00e9 membre du Directoire au lieu et place de Barth\u00e9l\u00e9my.<br \/>\nAu 18 fructidor, il re\u00e7ut le commandement de l\u2019arm\u00e9e de Hollande, fut bient\u00f4t remplac\u00e9 par Joubert et revint \u00e0 Paris avec le titre d\u2019inspecteur g\u00e9n\u00e9ral.<br \/>\nAu 18 brumaire, il favorisa les projets de Bonaparte, et en re\u00e7ut l\u2019ambassade de Berlin. A son retour, il rapporta une correspondance qui r\u00e9v\u00e9lait les intrigues du parti royaliste, et qui fut imprim\u00e9e sous le titre de : Papiers saisis \u00e0 Bayreuth.<br \/>\nIl fut ensuite envoy\u00e9 \u00e0 Madrid, et \u00e0 son retour, nomm\u00e9 s\u00e9nateur, grand officier de la L\u00e9gion d\u2019honneur, comte de l\u2019Empire ; mais de tous les g\u00e9n\u00e9raux de la R\u00e9volution, il fut le seul exclu du titre de mar\u00e9chal, Napol\u00e9on, dit-on, ne lui accordant aucune capacit\u00e9 militaire.<br \/>\nMembre du gouvernement provisoire en 1814, Louis XVIII le nomma \u00e0 son retour pair de France et membre de son conseil priv\u00e9.<br \/>\nProscrit par un d\u00e9cret pendant les Cent-Jours, il suivit le roi \u00e0 Gand et lui resta toujours d\u00e9vou\u00e9.<br \/>\nEn 1816, il fut nomm\u00e9 commandeur de l\u2019ordre de Saint-Louis, marquis, mar\u00e9chal de France, cordon bleu, etc.<br \/>\nBeurnonville mourut le 23 avril 1821, il \u00e9tait grand dignitaire de l\u2019ordre de la Franc-Ma\u00e7onnerie.<\/p>\n<p><strong>Sa vie ma\u00e7onnique<\/strong><br \/>\n\u2022 Affili\u00e9 le 23 juin 1778 \u00e0 la Parfaite Harmonie \u00e0 Saint-Denis.<br \/>\nDevient V\u00e9n\u00e9rable Ma\u00eetre de la Parfaite Harmonie en 1780 et le sera jusqu\u2019\u00e0 son d\u00e9part de Bourbon en 1786.<br \/>\nGrand-Ma\u00eetre adjoint du GODF de 1815 \u00e0 1821.<\/p>\n<\/div>\n<p><a href=\"https:\/\/labienfaisance.re\/?page_id=148\">R<\/a><a href=\"https:\/\/labienfaisance.re\/?page_id=148\">etour<\/a><\/p>\n<\/div>\n<\/article>\n<\/div>\n<\/div>\n<\/div>\n<\/div>\n<\/div>\n<\/div>\n","protected":false},"excerpt":{"rendered":"<p>Sa vie profane N\u00e9 le 10 mars 1762 \u00e0 CHAMPIGNOLLES D\u00e9c\u00e9d\u00e9 le 23 avril 1821 \u2022 Mar\u00e9chal de FRANCE Pair, mar\u00e9chal de FRANCE, Pierre Riel de Beurnonville est destin\u00e9 par ses parents \u00e0 l\u2019\u00e9tat eccl\u00e9siastique, mais, entra\u00een\u00e9 par son go\u00fbt pour l\u2019\u00e9tat militaire , il fut admis \u00e0 14 ans dans la gendarmerie de Lun\u00e9ville. <a href=\"https:\/\/labienfaisance.re\/?page_id=158\" rel=\"nofollow\"><span class=\"sr-only\">En savoir plus surPierre de Riel BEURNONVILLE<\/span>[&#8230;]<\/a><\/p>\n","protected":false},"author":4,"featured_media":0,"parent":0,"menu_order":0,"comment_status":"closed","ping_status":"closed","template":"template-fullwidth.php","meta":{"footnotes":""},"class_list":["post-158","page","type-page","status-publish","hentry"],"_links":{"self":[{"href":"https:\/\/labienfaisance.re\/index.php?rest_route=\/wp\/v2\/pages\/158","targetHints":{"allow":["GET"]}}],"collection":[{"href":"https:\/\/labienfaisance.re\/index.php?rest_route=\/wp\/v2\/pages"}],"about":[{"href":"https:\/\/labienfaisance.re\/index.php?rest_route=\/wp\/v2\/types\/page"}],"author":[{"embeddable":true,"href":"https:\/\/labienfaisance.re\/index.php?rest_route=\/wp\/v2\/users\/4"}],"replies":[{"embeddable":true,"href":"https:\/\/labienfaisance.re\/index.php?rest_route=%2Fwp%2Fv2%2Fcomments&post=158"}],"version-history":[{"count":3,"href":"https:\/\/labienfaisance.re\/index.php?rest_route=\/wp\/v2\/pages\/158\/revisions"}],"predecessor-version":[{"id":224,"href":"https:\/\/labienfaisance.re\/index.php?rest_route=\/wp\/v2\/pages\/158\/revisions\/224"}],"wp:attachment":[{"href":"https:\/\/labienfaisance.re\/index.php?rest_route=%2Fwp%2Fv2%2Fmedia&parent=158"}],"curies":[{"name":"wp","href":"https:\/\/api.w.org\/{rel}","templated":true}]}}