{"id":152,"date":"2016-11-25T16:41:00","date_gmt":"2016-11-25T12:41:00","guid":{"rendered":"http:\/\/labienfaisance.re\/?page_id=152"},"modified":"2016-11-26T18:06:04","modified_gmt":"2016-11-26T14:06:04","slug":"jean-victor-augagneur","status":"publish","type":"page","link":"https:\/\/labienfaisance.re\/?page_id=152","title":{"rendered":"Jean-Victor AUGAGNEUR"},"content":{"rendered":"<p><a href=\"http:\/\/godf.re\/wp-content\/uploads\/2014\/12\/AUGAGNEUR-Jean-Victor.png\"><img loading=\"lazy\" decoding=\"async\" class=\"alignnone size-full wp-image-182\" src=\"http:\/\/godf.re\/wp-content\/uploads\/2014\/12\/AUGAGNEUR-Jean-Victor.png\" sizes=\"auto, (max-width: 283px) 100vw, 283px\" alt=\"AUGAGNEUR Jean-Victor\" width=\"283\" height=\"283\" \/><\/a><\/p>\n<div class=\"site\">\n<div id=\"post-288\" class=\"clear post-288 page type-page status-publish hentry\">\n<div class=\"site-main\">\n<div class=\"main-content\">\n<div class=\"content-area\">\n<div class=\"site-content\">\n<article class=\"post-entry\">\n<div class=\"entry-main\">\n<div class=\"entry-content\">\n<p><strong>Sa vie profane<\/strong><br \/>\nN\u00e9 le 16 mai 1855 \u00e0 LYON<br \/>\nD\u00e9c\u00e9d\u00e9 le 23 avril 1931 au VESINET<\/p>\n<p>\u2022 M\u00e9decin, Gouverneur de MADAGASCAR<\/p>\n<p>Il est n\u00e9 d\u2019une famille bien ancr\u00e9e dans la bourgeoisie catholique.<\/p>\n<p>S\u2019il fit des \u00e9tudes au s\u00e9minaire de Semur-en-Brionnais, il opta ensuite pour la fili\u00e8re m\u00e9dicale o\u00f9 il gravit les \u00e9chelons: interne des h\u00f4pitaux en 1875, il fut re\u00e7u docteur en 1879. Chef de clinique chirurgicale \u00e0 la facult\u00e9 de m\u00e9decine de Lyon en 1881, il fut nomm\u00e9 chirurgien \u00e0 l\u2019h\u00f4pital de l\u2019Antiquaille avant de d\u00e9crocher l\u2019agr\u00e9gation en 1886 et de devenir professeur titulaire de pathologie chirurgicale en 1894.<\/p>\n<p>Mais \u00e0 cette date, il y avait d\u00e9j\u00e0 quelques ann\u00e9es que la chose publique l\u2019avait accapar\u00e9.<br \/>\nAugagneur le devait \u00e0 son milieu professionnel.<br \/>\nNotre homme, \u00e9lu conseiller municipal sur la liste de Gailleton en 1888, venait, deux ans plus tard, d\u2019\u00eatre \u00e9lev\u00e9 au rang d\u2019adjoint.<\/p>\n<p>Une position qui l\u2019encouragea \u00e0 pers\u00e9v\u00e9rer, malgr\u00e9 le temps qu\u2019il consacrait \u00e0 ses travaux, dans le cadre de ses activit\u00e9s professionnelles, qui le posaient en sp\u00e9cialiste d\u2019une maladie, fl\u00e9au de l\u2019\u00e9poque: la syphilis.<\/p>\n<p>Sa th\u00e8se de doctorat, en 1879, avait pour sujet \u00ab\u00a0La syphilis h\u00e9r\u00e9ditaire tardive\u00a0\u00bb. Dans ce domaine, il tranchait par ses prises de position, hostiles \u00e0 la police des m\u0153urs, et \u00e0 la r\u00e9glementation de la prostitution.<br \/>\nIl fallut attendre 1900 polir voir enfin Augagneur r\u00e9compens\u00e9 de ses efforts et s\u2019installer dans le fauteuil de Gailleton, comme maire de LYON.<\/p>\n<p>On ne peut pas dire que le nouveau maire n\u2019imposa pas son image. A en juger seulement par la qualit\u00e9 des surnoms accol\u00e9s \u00e0 sa personne: \u00ab\u00a0Victor le Glorieux\u00a0\u00bb, \u00ab\u00a0Victor 1er\u00a0\u00bb, ,\u00a0\u00bbl\u2019Empereur\u00a0\u00bb ou \u00ab\u00a0C\u00e9sar\u00a0\u00bb, ses penchants pour l\u2019autoritarisme lui valurent ces \u00ab\u00a0distinctions\u00a0\u00bb.<\/p>\n<p>Il faut toutefois estimer Augagneur \u00e0 la r\u00e9alisation de son programme, qui comportait quelques grands projets.<br \/>\nOn mit souvent en avant, parmi les dossiers qu\u2019il d\u00e9fendit celui de la suppression des octrois de Lyon, qui frappaient les denr\u00e9es de premi\u00e8re n\u00e9cessit\u00e9 et dont on d\u00e9non\u00e7ait ici et l\u00e0, depuis des lustres, l\u2019existence p\u00e9nalisante pour\u00a0\u00bb la classe des ouvriers \u00bb et celle des\u00a0\u00bb propri\u00e9taires-rentiers \u00bb.<\/p>\n<p>L\u2019affaire, houleuse lors des d\u00e9bats municipaux, remonta jusqu\u2019\u00e0 la Chambre pour aboutir, en juin 1901, au vote d\u2019une loi sur la suppression des octrois, auxquels on substitua d\u2019alltres taxes, sur les alcools en particulier.<br \/>\nInutile de pr\u00e9ciser qu\u2019Augagneur voyait grand et que parmi ses desseins de maire il envisagea de repousser les fronti\u00e8res de sa ville.<\/p>\n<p>Il n\u2019est certes pas le seul \u00e0 avoir ambitionn\u00e9 la formation d\u2019un \u00ab\u00a0Grand Lyon\u00a0\u00bb et il re\u00e7ut d\u2019abord l\u2019approbation unanime de son conseil sur l\u2019annexion, totale ou partielle, des communes de Villeurbanne, de Bron, Saint-Fons, V\u00e9nissieux, Saint Rambert-I\u2019lle-Barbe et Caluire Lyon serait ainsi \u00e0 la t\u00eate de huit beaux arrondissements.<\/p>\n<p>Le tableau sur le r\u00e8gne d\u2019Augagneur \u00e0 la mairie serait incomplet si l\u2019on n\u2019\u00e9voquait pas la croisade anticl\u00e9ricale ch\u00e8re au \u00ab Bloc des gauches \u00ab\u00a0.<br \/>\nEn cette p\u00e9riode o\u00f9 la s\u00e9paration de l\u2019Eglise et de l\u2019Etat chauffait \u00e0 blanc les esprits, la municipalit\u00e9 lyonnaise n\u2019\u00e9tait pas la derni\u00e8re, son premier repr\u00e9sentant en t\u00eate, \u00e0 alimenter des \u00ab\u00a0manifestations r\u00e9publicaines\u00a0\u00bb o\u00f9 les crise de \u00ab\u00a0A bas la calotte, vive la R\u00e9publique!\u00a0\u00bb s\u2019opposaient \u00e0 ceux de \u00ab\u00a0Vive la Libert\u00e9! Vivent les Soeur\u00a0\u00bb<br \/>\nTout cela fut interrompu par le d\u00e9part impromptu d\u2019Augagneur de l\u2019h\u00f4tel de ville.<\/p>\n<p>On s\u2019interroge encore sur le choix qu\u2019il fit en 1905 d\u2019accepter le poste de gouverneur g\u00e9n\u00e9ral de Madagascar et de se priver, du coup, de sa mairie.<br \/>\nCertains y voyaient, ironiquement, des motifs d\u2019ordre personnel (li\u00e9s \u00e0 sa vie priv\u00e9e ?).<\/p>\n<p>D\u2019autres penseront qu\u2019il songeait \u00e0 soigner sa carri\u00e8re en esp\u00e9rant secr\u00e8tement revenir un jour \u00e0 Lyon.<\/p>\n<p>Le jeune Edouard Herriot, son surprenant successeur, ne lui en laissera pas le loisir,<\/p>\n<p>Augagneur revint pourtant sur Lyon, apr\u00e8s sa mission dans l\u2019\u00eele lointaine qui s\u2019acheva en 1910.<br \/>\nIl retrouva, au premier tour des \u00e9lections d\u2019avril de cette ann\u00e9e-l\u00e0, son si\u00e8ge de d\u00e9put\u00e9 du Rh\u00f4ne mais son destin national parut l\u2019\u00e9carter une nouvelle fois de ses bases lyonnaises.<br \/>\nIl eut, en effet, l\u2019honneur d\u2019\u00eatre appel\u00e9 en juin 1911 par Joseph Caillaux au minist\u00e8re des Travaux publics, des Postes et des T\u00e9l\u00e9graphes puis en 1914, dans un cabinet dirig\u00e9 par Viviani, \u00e0 l\u2019Instruction publique et aux Beaux-arts.<\/p>\n<p>La guerre le transforma en ministre de la Marine, mais Augagneur fut mis en difficult\u00e9 apr\u00e8s l\u2019\u00e9chec des Dardanelles.<\/p>\n<p>Il retourna fin 1915 aux bancs de la Chambre, prenant place dans d\u2019innombrables commissions parlementaires.<\/p>\n<p>La paix revenue, Augagneur connut des fortunes diverses.<br \/>\nNon r\u00e9\u00e9lu aux \u00e9lections de 1919, il s\u2019abstint aux suivantes et se consola avec un poste de gouverneur de l\u2019Afrique \u00e9quatoriale.<br \/>\nMais son coeur battait toujours pour Lyon.<br \/>\nS\u2019il reconquit son si\u00e8ge de d\u00e9put\u00e9 du Rh\u00f4ne en 1928, quoique septuag\u00e9naire, il repartit \u00e0 l\u2019assaut de la mairie mais la forteresse tenue par Herriot r\u00e9sista \u00e0 cet ent\u00eatement m\u00eal\u00e9 de d\u00e9pit.<\/p>\n<p>C\u2019\u00e9tait son ultime combat puisqu\u2019il mourra le 23 avril 1931 dans une maison de retraite du V\u00e9sinet.<\/p>\n<p><strong>Sa vie ma\u00e7onnique<\/strong><br \/>\n\u2022 Initi\u00e9 \u00e0 la loge \u00ab Les amis de la v\u00e9rit\u00e9 \u00ab, LYON<\/p>\n<\/div>\n<p><a href=\"https:\/\/labienfaisance.re\/?page_id=148\">R<\/a><a href=\"https:\/\/labienfaisance.re\/?page_id=148\">etour<\/a><\/p>\n<\/div>\n<\/article>\n<\/div>\n<\/div>\n<\/div>\n<\/div>\n<\/div>\n<\/div>\n","protected":false},"excerpt":{"rendered":"<p>Sa vie profane N\u00e9 le 16 mai 1855 \u00e0 LYON D\u00e9c\u00e9d\u00e9 le 23 avril 1931 au VESINET \u2022 M\u00e9decin, Gouverneur de MADAGASCAR Il est n\u00e9 d\u2019une famille bien ancr\u00e9e dans la bourgeoisie catholique. S\u2019il fit des \u00e9tudes au s\u00e9minaire de Semur-en-Brionnais, il opta ensuite pour la fili\u00e8re m\u00e9dicale o\u00f9 il gravit les \u00e9chelons: interne des <a href=\"https:\/\/labienfaisance.re\/?page_id=152\" rel=\"nofollow\"><span class=\"sr-only\">En savoir plus surJean-Victor AUGAGNEUR<\/span>[&#8230;]<\/a><\/p>\n","protected":false},"author":4,"featured_media":0,"parent":0,"menu_order":0,"comment_status":"closed","ping_status":"closed","template":"template-fullwidth.php","meta":{"footnotes":""},"class_list":["post-152","page","type-page","status-publish","hentry"],"_links":{"self":[{"href":"https:\/\/labienfaisance.re\/index.php?rest_route=\/wp\/v2\/pages\/152","targetHints":{"allow":["GET"]}}],"collection":[{"href":"https:\/\/labienfaisance.re\/index.php?rest_route=\/wp\/v2\/pages"}],"about":[{"href":"https:\/\/labienfaisance.re\/index.php?rest_route=\/wp\/v2\/types\/page"}],"author":[{"embeddable":true,"href":"https:\/\/labienfaisance.re\/index.php?rest_route=\/wp\/v2\/users\/4"}],"replies":[{"embeddable":true,"href":"https:\/\/labienfaisance.re\/index.php?rest_route=%2Fwp%2Fv2%2Fcomments&post=152"}],"version-history":[{"count":5,"href":"https:\/\/labienfaisance.re\/index.php?rest_route=\/wp\/v2\/pages\/152\/revisions"}],"predecessor-version":[{"id":219,"href":"https:\/\/labienfaisance.re\/index.php?rest_route=\/wp\/v2\/pages\/152\/revisions\/219"}],"wp:attachment":[{"href":"https:\/\/labienfaisance.re\/index.php?rest_route=%2Fwp%2Fv2%2Fmedia&parent=152"}],"curies":[{"name":"wp","href":"https:\/\/api.w.org\/{rel}","templated":true}]}}